{"id":1011,"date":"2025-06-26T11:08:26","date_gmt":"2025-06-26T09:08:26","guid":{"rendered":"https:\/\/www.cmrdubai.com\/why-invest-in-real-estate-in-dubai\/"},"modified":"2025-06-30T10:28:45","modified_gmt":"2025-06-30T08:28:45","slug":"por-que-invertir-en-bienes-inmuebles-dubai","status":"publish","type":"page","link":"https:\/\/www.cmrdubai.com\/es\/por-que-invertir-en-bienes-inmuebles-dubai\/","title":{"rendered":"\u00bfPor Qu\u00e9 Invertir en Bienes Inmuebles Dub\u00e1i?"},"content":{"rendered":"<div class=\"wpb-content-wrapper\"><p>[vc_row][vc_column][vc_column_text css=\u00bb\u00bb]<\/p>\n<h2>\u00bfPor Qu\u00e9 Invertir en Bienes Inmuebles en Dub\u00e1i?<\/h2>\n<p>[\/vc_column_text][\/vc_column][\/vc_row][vc_row][vc_column][vc_column_text css=\u00bb\u00bb]<\/p>\n<h3>Un Mercado en R\u00e1pido Crecimiento con Altos Retornos<\/h3>\n<p>Dub\u00e1i se ha consolidado como uno de los destinos globales m\u00e1s atractivos para la inversi\u00f3n inmobiliaria. Con un mercado din\u00e1mico, rendimientos libres de impuestos y algunos de los ingresos por alquiler m\u00e1s altos del mundo, ofrece una oportunidad excepcional para inversores que buscan crecimiento a largo plazo, seguridad y diversificaci\u00f3n.<\/p>\n<p><strong>Apreciaci\u00f3n Fuerte y Constante de Propiedades: <\/strong>En 2024, los precios de las propiedades residenciales en Dub\u00e1i aumentaron m\u00e1s del 21% interanual, con un alza del 24% en villas y m\u00e1s del 20% en apartamentos. Este crecimiento refleja un mercado resiliente respaldado por una demanda creciente, desarrollo de infraestructura y confianza del inversor.[\/vc_column_text][vc_column_text css=\u00bb\u00bb]<\/p>\n<h3>Rentabilidades Atractivas por Alquiler<\/h3>\n<p class=\"big\"><span style=\"color: #000000;\"><strong>Dub\u00e1i sigue superando a capitales globales en cuanto a retornos por alquiler:<\/strong><\/span><\/p>\n<p>[\/vc_column_text][\/vc_column][\/vc_row][vc_row equal_height=\u00bbyes\u00bb content_placement=\u00bbmiddle\u00bb][vc_column width=\u00bb1\/2&#8243;][vc_column_text css=\u00bb\u00bb]<\/p>\n<ul>\n<li>Los rendimientos brutos por alquiler promedian entre el 6% y el 8%.<\/li>\n<li>Zonas prime como Dubai Silicon Oasis, Jumeirah Village Circle (JVC) y Business Bay ofrecen rendimientos superiores al 8%.<\/li>\n<li>Gracias a una gran y creciente poblaci\u00f3n de expatriados, la demanda de alquiler se mantiene fuerte y constante.<\/li>\n<li>0% de Impuestos sobre la Propiedad.<\/li>\n<li>Maximiza tus ganancias en un entorno fiscal eficiente.<\/li>\n<li>Sin impuesto anual sobre la propiedad.<\/li>\n<li>Sin impuesto sobre ganancias de capital en bienes ra\u00edces.<\/li>\n<\/ul>\n<p>[\/vc_column_text][\/vc_column][vc_column width=\u00bb1\/2&#8243;][vc_single_image image=\u00bb252&#8243; img_size=\u00bbfull\u00bb alignment=\u00bbcenter\u00bb css=\u00bb.vc_custom_1750928787342{margin-bottom: 0px !important;}\u00bb][\/vc_column][\/vc_row][vc_row][vc_column][vc_column_text css=\u00bb\u00bb]Tus ingresos se quedan donde deben estar: contigo.[\/vc_column_text][\/vc_column][\/vc_row][vc_row gap=\u00bb30&#8243;][vc_column width=\u00bb1\/3&#8243;][vc_column_text css=\u00bb\u00bb]<\/p>\n<p class=\"big\"><span style=\"color: #000000;\"><strong>100% de Propiedad Extranjera:<\/strong><\/span><\/p>\n<p>Los inversores extranjeros disfrutan de plena propiedad (freehold) en zonas designadas, con derechos legales completos y sin necesidad de un socio local. Mantienes el control total de tu inversi\u00f3n.[\/vc_column_text][\/vc_column][vc_column width=\u00bb1\/3&#8243;][vc_column_text css=\u00bb\u00bb]<\/p>\n<p class=\"big\"><span style=\"color: #000000;\"><strong>Residencia a Trav\u00e9s de Inversi\u00f3n:<\/strong><\/span><\/p>\n<p>Las inversiones inmobiliarias calificadas pueden otorgarte una visa de residencia en los EAU, incluidas opciones de largo plazo como la Golden Visa. Esto abre la puerta a mayor movilidad, estabilidad y acceso al pr\u00f3spero centro global que es Dub\u00e1i.[\/vc_column_text][\/vc_column][vc_column width=\u00bb1\/3&#8243;][vc_column_text css=\u00bb\u00bb]<\/p>\n<p class=\"big\"><span style=\"color: #000000;\"><strong>Mercado Transparente y Regulamentado:<\/strong><\/span><\/p>\n<p>El sector inmobiliario de Dub\u00e1i est\u00e1 regulado por el Departamento de Tierras de Dub\u00e1i (DLD) y la RERA, lo que garantiza un alto nivel de transparencia, protecci\u00f3n legal y transacciones seguras. Todos los procesos de propiedad est\u00e1n completamente digitalizados y optimizados.[\/vc_column_text][\/vc_column][\/vc_row][vc_row][vc_column][vc_column_text css=\u00bb\u00bb]<\/p>\n<h2 data-start=\"2417\" data-end=\"2476\">Invierte con Confianza<br \/>\n<strong data-start=\"2445\" data-end=\"2476\">CMR Est\u00e1 Aqu\u00ed para Ayudarte<\/strong><\/h2>\n<p data-start=\"2478\" data-end=\"2830\"><span style=\"color: #320000;\">En CMR, nos especializamos en guiar a inversores europeos a trav\u00e9s del panorama inmobiliario de Dub\u00e1i: desde la estructuraci\u00f3n legal y la adquisici\u00f3n de propiedades hasta la gesti\u00f3n completa del portafolio. Ya sea que busques ingresos pasivos, apreciaci\u00f3n de capital o un camino hacia la residencia en los EAU, te ofrecemos un apoyo experto e integral.<\/span><\/p>\n<p data-start=\"2832\" data-end=\"3026\" data-is-last-node=\"\" data-is-only-node=\"\"><span style=\"color: #320000;\">Con profundo conocimiento del mercado y un enfoque centrado en el cliente, te ayudamos a tomar decisiones informadas y a desbloquear todo el potencial del pr\u00f3spero mercado inmobiliario de Dub\u00e1i.<\/span><\/p>\n<p>[\/vc_column_text][vc_text_separator title=\u00bb\u00bb i_type=\u00bblinecons\u00bb i_icon_linecons=\u00bbvc_li vc_li-diamond\u00bb i_color=\u00bbcustom\u00bb color=\u00bbcustom\u00bb el_width=\u00bb20&#8243; css=\u00bb\u00bb add_icon=\u00bbtrue\u00bb i_custom_color=\u00bb#976375&#8243; accent_color=\u00bb#D8CED1&#8243;][\/vc_column][\/vc_row]<\/p>\n<\/div>","protected":false},"excerpt":{"rendered":"<p>[vc_row][vc_column][vc_column_text css=\u00bb\u00bb] \u00bfPor Qu\u00e9 Invertir en Bienes Inmuebles en Dub\u00e1i? [\/vc_column_text][\/vc_column][\/vc_row][vc_row][vc_column][vc_column_text css=\u00bb\u00bb] Un Mercado en R\u00e1pido Crecimiento con Altos Retornos Dub\u00e1i se ha consolidado como uno<span class=\"excerpt-hellip\"> [\u2026]<\/span><\/p>\n","protected":false},"author":1,"featured_media":0,"parent":0,"menu_order":0,"comment_status":"closed","ping_status":"closed","template":"","meta":{"footnotes":""},"class_list":["post-1011","page","type-page","status-publish","hentry"],"aioseo_notices":[],"_links":{"self":[{"href":"https:\/\/www.cmrdubai.com\/es\/wp-json\/wp\/v2\/pages\/1011","targetHints":{"allow":["GET"]}}],"collection":[{"href":"https:\/\/www.cmrdubai.com\/es\/wp-json\/wp\/v2\/pages"}],"about":[{"href":"https:\/\/www.cmrdubai.com\/es\/wp-json\/wp\/v2\/types\/page"}],"author":[{"embeddable":true,"href":"https:\/\/www.cmrdubai.com\/es\/wp-json\/wp\/v2\/users\/1"}],"replies":[{"embeddable":true,"href":"https:\/\/www.cmrdubai.com\/es\/wp-json\/wp\/v2\/comments?post=1011"}],"version-history":[{"count":4,"href":"https:\/\/www.cmrdubai.com\/es\/wp-json\/wp\/v2\/pages\/1011\/revisions"}],"predecessor-version":[{"id":1096,"href":"https:\/\/www.cmrdubai.com\/es\/wp-json\/wp\/v2\/pages\/1011\/revisions\/1096"}],"wp:attachment":[{"href":"https:\/\/www.cmrdubai.com\/es\/wp-json\/wp\/v2\/media?parent=1011"}],"curies":[{"name":"wp","href":"https:\/\/api.w.org\/{rel}","templated":true}]}}