{"id":1066,"date":"2025-06-26T13:15:22","date_gmt":"2025-06-26T11:15:22","guid":{"rendered":"https:\/\/www.cmrdubai.com\/?page_id=1066"},"modified":"2025-06-26T13:15:22","modified_gmt":"2025-06-26T11:15:22","slug":"por-que-establecer-un-negocio-en-dubai","status":"publish","type":"page","link":"https:\/\/www.cmrdubai.com\/es\/por-que-establecer-un-negocio-en-dubai\/","title":{"rendered":"\u00bfPor Qu\u00e9 Establecer un Negocio en Dub\u00e1i?"},"content":{"rendered":"<div class=\"wpb-content-wrapper\"><p>[vc_row][vc_column][vc_column_text css=\u00bb\u00bb]<\/p>\n<h2>\u00bfPor Qu\u00e9 Establecer un Negocio en Dub\u00e1i?<\/h2>\n<p>[\/vc_column_text][\/vc_column][\/vc_row][vc_row][vc_column][vc_column_text css=\u00bb\u00bb]<\/p>\n<h3>Un Centro Global de Inversi\u00f3n con Beneficios Fiscales Inigualables<\/h3>\n<p>Dub\u00e1i se ha convertido r\u00e1pidamente en uno de los destinos m\u00e1s atractivos para inversores internacionales, y no solo por su estilo de vida de lujo o su ic\u00f3nico horizonte urbano. Para emprendedores y empresas europeas, Dub\u00e1i ofrece uno de los entornos fiscales m\u00e1s favorables del mundo.<\/p>\n<p><strong>0% de Impuesto sobre la Renta Personal: <\/strong>A diferencia de la mayor\u00eda de los pa\u00edses europeos, Dub\u00e1i no aplica impuestos sobre la renta personal. Ya sea que tus ingresos provengan de salario, dividendos o rentas inmobiliarias, todo tu ingreso permanece contigo, sin deducciones.<\/p>\n<p><strong>Una de las Tasas de Impuesto Corporativo M\u00e1s Bajas del Mundo:<\/strong>\u00a0En 2023, los Emiratos \u00c1rabes Unidos introdujeron un impuesto corporativo del 9%, aplicable \u00fanicamente a ganancias anuales superiores a 375,000 AED (aproximadamente 96,000 \u20ac). Las ganancias por debajo de ese umbral est\u00e1n exentas, y esa tasa del 9% sigue siendo una de las m\u00e1s bajas del mundo.[\/vc_column_text][\/vc_column][\/vc_row][vc_row equal_height=\u00bbyes\u00bb content_placement=\u00bbmiddle\u00bb][vc_column width=\u00bb1\/2&#8243;][vc_column_text css=\u00bb\u00bb]<\/p>\n<h3>Incentivos Fiscales en Zonas Francas<\/h3>\n<p>Las empresas que se establecen en zonas francas designadas de Dub\u00e1i acceden a beneficios fiscales a\u00fan mayores, que incluyen:<\/p>\n<ul>\n<li>Hasta 50 a\u00f1os de exenci\u00f3n de impuestos.<\/li>\n<li>Propiedad extranjera al 100%.<\/li>\n<li>Repatriaci\u00f3n total del capital e ingresos.<\/li>\n<\/ul>\n<p>[\/vc_column_text][\/vc_column][vc_column width=\u00bb1\/2&#8243;][vc_single_image image=\u00bb42&#8243; img_size=\u00bbfull\u00bb alignment=\u00bbcenter\u00bb css=\u00bb.vc_custom_1750935988611{margin-bottom: 0px !important;}\u00bb][\/vc_column][\/vc_row][vc_row][vc_column][vc_column_text css=\u00bb\u00bb]<\/p>\n<h2 style=\"color: #320000;\">Una Base Estrat\u00e9gica para los Negocios Globales<\/h2>\n<p><span style=\"color: #320000;\">La ubicaci\u00f3n de Dub\u00e1i, su infraestructura de primer nivel y su conectividad internacional lo convierten en un puente estrat\u00e9gico entre Europa, Asia y \u00c1frica. Al combinar esto con una carga fiscal m\u00ednima, se genera un entorno de bajo riesgo y alta oportunidad para los negocios y la inversi\u00f3n.<\/span><br \/>\n<span style=\"color: #320000;\">En CMR ayudamos a inversores europeos a navegar el ecosistema inmobiliario y empresarial de Dub\u00e1i, con apoyo legal, estrat\u00e9gico y total transparencia. Ya sea que busques crear una empresa, adquirir propiedades o diversificar tu portafolio, Dub\u00e1i ofrece una ventaja fiscal clara que pocas regiones pueden igualar.<\/span>[\/vc_column_text][vc_text_separator title=\u00bb\u00bb i_type=\u00bblinecons\u00bb i_icon_linecons=\u00bbvc_li vc_li-diamond\u00bb i_color=\u00bbcustom\u00bb color=\u00bbcustom\u00bb el_width=\u00bb20&#8243; css=\u00bb\u00bb add_icon=\u00bbtrue\u00bb i_custom_color=\u00bb#976375&#8243; accent_color=\u00bb#D8CED1&#8243;][\/vc_column][\/vc_row]<\/p>\n<\/div>","protected":false},"excerpt":{"rendered":"<p>[vc_row][vc_column][vc_column_text css=\u00bb\u00bb] \u00bfPor Qu\u00e9 Establecer un Negocio en Dub\u00e1i? [\/vc_column_text][\/vc_column][\/vc_row][vc_row][vc_column][vc_column_text css=\u00bb\u00bb] Un Centro Global de Inversi\u00f3n con Beneficios Fiscales Inigualables Dub\u00e1i se ha convertido r\u00e1pidamente en<span class=\"excerpt-hellip\"> [\u2026]<\/span><\/p>\n","protected":false},"author":1,"featured_media":0,"parent":0,"menu_order":0,"comment_status":"closed","ping_status":"closed","template":"","meta":{"footnotes":""},"class_list":["post-1066","page","type-page","status-publish","hentry"],"aioseo_notices":[],"_links":{"self":[{"href":"https:\/\/www.cmrdubai.com\/es\/wp-json\/wp\/v2\/pages\/1066","targetHints":{"allow":["GET"]}}],"collection":[{"href":"https:\/\/www.cmrdubai.com\/es\/wp-json\/wp\/v2\/pages"}],"about":[{"href":"https:\/\/www.cmrdubai.com\/es\/wp-json\/wp\/v2\/types\/page"}],"author":[{"embeddable":true,"href":"https:\/\/www.cmrdubai.com\/es\/wp-json\/wp\/v2\/users\/1"}],"replies":[{"embeddable":true,"href":"https:\/\/www.cmrdubai.com\/es\/wp-json\/wp\/v2\/comments?post=1066"}],"version-history":[{"count":1,"href":"https:\/\/www.cmrdubai.com\/es\/wp-json\/wp\/v2\/pages\/1066\/revisions"}],"predecessor-version":[{"id":1069,"href":"https:\/\/www.cmrdubai.com\/es\/wp-json\/wp\/v2\/pages\/1066\/revisions\/1069"}],"wp:attachment":[{"href":"https:\/\/www.cmrdubai.com\/es\/wp-json\/wp\/v2\/media?parent=1066"}],"curies":[{"name":"wp","href":"https:\/\/api.w.org\/{rel}","templated":true}]}}