{"id":1078,"date":"2025-06-26T13:21:50","date_gmt":"2025-06-26T11:21:50","guid":{"rendered":"https:\/\/www.cmrdubai.com\/?page_id=1078"},"modified":"2025-06-26T13:25:35","modified_gmt":"2025-06-26T11:25:35","slug":"lo-que-ofrece-dubai","status":"publish","type":"page","link":"https:\/\/www.cmrdubai.com\/es\/lo-que-ofrece-dubai\/","title":{"rendered":"Lo que Ofrece Dub\u00e1i"},"content":{"rendered":"<div class=\"wpb-content-wrapper\"><p>[vc_row][vc_column][vc_column_text css=\u00bb\u00bb]<\/p>\n<h2>Lo que Ofrece Dub\u00e1i<\/h2>\n<p>[\/vc_column_text][\/vc_column][\/vc_row][vc_row][vc_column width=\u00bb1\/2&#8243;][vc_column_text css=\u00bb\u00bb]<\/p>\n<h3>M\u00e1s que Inversi\u00f3n: Un Centro Global de Estilo de Vida<\/h3>\n<p>Dub\u00e1i no solo es un lugar rentable para invertir, tambi\u00e9n es una de las ciudades m\u00e1s visionarias, acogedoras y vibrantes del mundo. Para los inversores que consideran mudarse, obtener una segunda residencia o simplemente diversificar internacionalmente, Dub\u00e1i ofrece una gama completa de beneficios econ\u00f3micos y de estilo de vida que pocas ciudades globales pueden igualar.[\/vc_column_text][\/vc_column][vc_column width=\u00bb1\/2&#8243;][vc_single_image image=\u00bb251&#8243; img_size=\u00bbfull\u00bb alignment=\u00bbcenter\u00bb css=\u00bb.vc_custom_1750936907336{margin-bottom: 0px !important;}\u00bb][\/vc_column][\/vc_row][vc_row equal_height=\u00bbyes\u00bb content_placement=\u00bbmiddle\u00bb][vc_column width=\u00bb1\/2&#8243;][vc_column_text css=\u00bb\u00bb]<strong>Una Ciudad Verdaderamente Internacional: <\/strong>Con m\u00e1s del 90\u202f% de la poblaci\u00f3n compuesta por expatriados de todo el mundo, Dub\u00e1i es una de las ciudades m\u00e1s cosmopolitas del planeta. El ingl\u00e9s se habla ampliamente, y el entorno multicultural facilita la integraci\u00f3n tanto para personas solas como para familias. Ya vengas de Europa, Asia o Am\u00e9rica, encontrar\u00e1s un lugar donde conectarte, trabajar y prosperar.[\/vc_column_text][\/vc_column][vc_column width=\u00bb1\/2&#8243;][vc_column_text css=\u00bb\u00bb]<strong>Una Econom\u00eda Moderna y Diversificada: <\/strong>Dub\u00e1i ha evolucionado mucho m\u00e1s all\u00e1 de sus or\u00edgenes basados en el petr\u00f3leo. Hoy es un centro global en sectores como finanzas, bienes ra\u00edces, log\u00edstica, tecnolog\u00eda y turismo. El entorno empresarial es eficiente, innovador y abierto a emprendedores y profesionales extranjeros. Con altos salarios promedio, bajo desempleo y pol\u00edticas gubernamentales proinversi\u00f3n, es una base atractiva para el crecimiento financiero a largo plazo.[\/vc_column_text][\/vc_column][\/vc_row][vc_row equal_height=\u00bbyes\u00bb content_placement=\u00bbmiddle\u00bb][vc_column width=\u00bb1\/2&#8243;][vc_column_text css=\u00bb\u00bb]<strong>Flexibilidad en Residencia y Visados: <\/strong>Dub\u00e1i ofrece diversas opciones de visado, incluyendo visas de empleo, visas para inversores y la codiciada Golden Visa, disponible para quienes invierten en propiedades que cumplen con los requisitos m\u00ednimos. Muchas de estas opciones permiten el patrocinio completo de la familia, lo que da tranquilidad al planear una reubicaci\u00f3n o el futuro familiar.[\/vc_column_text][\/vc_column][vc_column width=\u00bb1\/2&#8243;][vc_column_text css=\u00bb\u00bb]<strong>Atenci\u00f3n M\u00e9dica y Educaci\u00f3n de Primer Nivel: <\/strong>El sistema de salud privado de Dub\u00e1i est\u00e1 acreditado internacionalmente, ofreciendo atenci\u00f3n r\u00e1pida, de alta calidad y a precios competitivos. Adem\u00e1s, cuenta con una amplia red de escuelas internacionales, que imparten programas brit\u00e1nicos, estadounidenses, IB y otros curr\u00edculos globales, lo que es ideal para familias que buscan continuidad en la educaci\u00f3n de sus hijos.[\/vc_column_text][\/vc_column][\/vc_row][vc_row equal_height=\u00bbyes\u00bb content_placement=\u00bbmiddle\u00bb][vc_column width=\u00bb1\/2&#8243;][vc_column_text css=\u00bb\u00bb]<strong>Segura, Limpia y Eficiente: <\/strong>Dub\u00e1i se encuentra entre las ciudades m\u00e1s seguras del mundo, con tasas de criminalidad excepcionalmente bajas y un entorno altamente controlado. Los espacios p\u00fablicos, el transporte y la infraestructura est\u00e1n impecablemente mantenidos, y la vida cotidiana se apoya en tecnolog\u00eda avanzada, log\u00edstica fluida y planificaci\u00f3n urbana inteligente.[\/vc_column_text][\/vc_column][vc_column width=\u00bb1\/2&#8243;][vc_column_text css=\u00bb\u00bb]<strong>Ocio y Entretenimiento para Todos: <\/strong>Desde gastronom\u00eda de clase mundial, compras y cultura, hasta aventuras al aire libre y relajaci\u00f3n en la playa, Dub\u00e1i ofrece un estilo de vida incomparable. Los residentes disfrutan de sol todo el a\u00f1o, lujo libre de impuestos y acceso a monumentos ic\u00f3nicos, todo dentro de una ciudad que combina ambici\u00f3n, innovaci\u00f3n y confort.[\/vc_column_text][\/vc_column][\/vc_row][vc_row][vc_column][vc_column_text css=\u00bb\u00bb]<\/p>\n<h2 style=\"color: #320000;\">En CMR no solo te ayudamos a invertir, sino a comprender el verdadero valor de vivir y crecer en Dub\u00e1i.<\/h2>\n<p><span style=\"color: #320000;\">Ya sea que est\u00e9s construyendo un negocio, asegurando el futuro de tu familia o buscando una mayor calidad de vida, Dub\u00e1i ofrece una combinaci\u00f3n \u00fanica de oportunidades, seguridad y sofisticaci\u00f3n global.<\/span>[\/vc_column_text][vc_text_separator title=\u00bb\u00bb i_type=\u00bblinecons\u00bb i_icon_linecons=\u00bbvc_li vc_li-diamond\u00bb i_color=\u00bbcustom\u00bb color=\u00bbcustom\u00bb el_width=\u00bb20&#8243; css=\u00bb\u00bb add_icon=\u00bbtrue\u00bb i_custom_color=\u00bb#976375&#8243; accent_color=\u00bb#D8CED1&#8243;][\/vc_column][\/vc_row]<\/p>\n<\/div>","protected":false},"excerpt":{"rendered":"<p>[vc_row][vc_column][vc_column_text css=\u00bb\u00bb] Lo que Ofrece Dub\u00e1i [\/vc_column_text][\/vc_column][\/vc_row][vc_row][vc_column width=\u00bb1\/2&#8243;][vc_column_text css=\u00bb\u00bb] M\u00e1s que Inversi\u00f3n: Un Centro Global de Estilo de Vida Dub\u00e1i no solo es un lugar rentable<span class=\"excerpt-hellip\"> [\u2026]<\/span><\/p>\n","protected":false},"author":1,"featured_media":0,"parent":0,"menu_order":0,"comment_status":"closed","ping_status":"closed","template":"","meta":{"footnotes":""},"class_list":["post-1078","page","type-page","status-publish","hentry"],"aioseo_notices":[],"_links":{"self":[{"href":"https:\/\/www.cmrdubai.com\/es\/wp-json\/wp\/v2\/pages\/1078","targetHints":{"allow":["GET"]}}],"collection":[{"href":"https:\/\/www.cmrdubai.com\/es\/wp-json\/wp\/v2\/pages"}],"about":[{"href":"https:\/\/www.cmrdubai.com\/es\/wp-json\/wp\/v2\/types\/page"}],"author":[{"embeddable":true,"href":"https:\/\/www.cmrdubai.com\/es\/wp-json\/wp\/v2\/users\/1"}],"replies":[{"embeddable":true,"href":"https:\/\/www.cmrdubai.com\/es\/wp-json\/wp\/v2\/comments?post=1078"}],"version-history":[{"count":3,"href":"https:\/\/www.cmrdubai.com\/es\/wp-json\/wp\/v2\/pages\/1078\/revisions"}],"predecessor-version":[{"id":1085,"href":"https:\/\/www.cmrdubai.com\/es\/wp-json\/wp\/v2\/pages\/1078\/revisions\/1085"}],"wp:attachment":[{"href":"https:\/\/www.cmrdubai.com\/es\/wp-json\/wp\/v2\/media?parent=1078"}],"curies":[{"name":"wp","href":"https:\/\/api.w.org\/{rel}","templated":true}]}}