{"id":1646,"date":"2026-01-19T08:55:05","date_gmt":"2026-01-19T07:55:05","guid":{"rendered":"https:\/\/www.cmrdubai.com\/?page_id=1646"},"modified":"2026-01-19T10:56:01","modified_gmt":"2026-01-19T09:56:01","slug":"como-trabajamos","status":"publish","type":"page","link":"https:\/\/www.cmrdubai.com\/es\/como-trabajamos\/","title":{"rendered":"C\u00f3mo trabajamos"},"content":{"rendered":"<div class=\"wpb-content-wrapper\"><p>[vc_row full_width=\u00bbstretch_row\u00bb css=\u00bb.vc_custom_1768809159116{margin-top: -35px !important;margin-bottom: 35px !important;padding-top: 25px !important;padding-bottom: 25px !important;background-color: #EBE0E2 !important;}\u00bb][vc_column css_animation=\u00bbfadeInRight\u00bb][vc_column_text css=\u00bb\u00bb]<\/p>\n<h1 style=\"text-align: center;\"><span style=\"color: #320000; font-weight: bold;\">Invertir en el extranjero requiere confianza, claridad y orientaci\u00f3n \u2014 y eso es exactamente lo que ofrecemos.<\/span><\/h1>\n<p>[\/vc_column_text][vc_separator color=\u00bbcustom\u00bb border_width=\u00bb2&#8243; css=\u00bb.vc_custom_1768563650868{margin-top: -25px !important;}\u00bb accent_color=\u00bb#2D3F59&#8243;][vc_column_text css=\u00bb\u00bb]<\/p>\n<h2 style=\"text-align: center;\"><span style=\"color: #000000;\">Nuestro objetivo es hacer que tu inversi\u00f3n inmobiliaria en <span style=\"color: #420e20;\"><strong>DUBAI<\/strong><\/span> sea simple, transparente y segura.<\/span><\/h2>\n<p>[\/vc_column_text][\/vc_column][\/vc_row][vc_row][vc_column css_animation=\u00bbfadeInUp\u00bb][vc_column_text css=\u00bb\u00bb]<\/p>\n<h2>Nuestro M\u00e9todo Paso a Paso<\/h2>\n<p>[\/vc_column_text][vc_row_inner equal_height=\u00bbyes\u00bb css=\u00bb.vc_custom_1768815707622{margin-bottom: 0px !important;}\u00bb][vc_column_inner width=\u00bb1\/3&#8243;][vc_column_text css=\u00bb\u00bb]<\/p>\n<h3 style=\"color: #320000; font-weight: bold; line-height: 28px; font-size: 18px;\">Paso 1\ufe0f\u20e3<br \/>\nPrimer Contacto &#038; Llamada Introductoria \ud83d\udcde<\/h3>\n<p>Ya sea online o en persona, empezamos por entender tus objetivos, presupuesto, estilo de vida o estrategia de inversi\u00f3n.<br \/>\n\u00bfBuscas apreciaci\u00f3n de capital? \u00bfIngresos por alquiler? \u00bfUna segunda residencia?<br \/>\nA partir de aqu\u00ed, adaptamos las mejores opciones para ti.[\/vc_column_text][\/vc_column_inner][vc_column_inner width=\u00bb1\/3&#8243;][vc_column_text css=\u00bb\u00bb]<\/p>\n<h3 style=\"color: #320000; font-weight: bold; line-height: 28px; font-size: 18px;\">Paso 2\ufe0f\u20e3<br \/>\nEstrategia de Inversi\u00f3n Personalizada \ud83d\udcc8<\/h3>\n<p>En base a tus criterios, presentamos una cartera seleccionada de propiedades de los desarrolladores m\u00e1s confiables de Dubai.<br \/>\nSin listados aleatorios \u2014 solo proyectos que coincidan con tus objetivos y ofrezcan un fuerte potencial de ROI.[\/vc_column_text][\/vc_column_inner][vc_column_inner width=\u00bb1\/3&#8243;][vc_column_text css=\u00bb\u00bb]<\/p>\n<h3 style=\"color: #320000; font-weight: bold; line-height: 28px; font-size: 18px;\">Paso 3\ufe0f\u20e3<br \/>\nDue Diligence &#038; Planificaci\u00f3n Financiera \ud83c\udfe6<\/h3>\n<p>Te guiamos a trav\u00e9s del marco legal, opciones de financiaci\u00f3n, planes de pago, impuestos, expectativas de ROI y proyecciones de alquiler \u2014 para que puedas tomar una decisi\u00f3n totalmente informada.[\/vc_column_text][\/vc_column_inner][\/vc_row_inner][vc_row_inner content_placement=\u00bbtop\u00bb css=\u00bb.vc_custom_1768562421476{border-color: #2D3F59 !important;}\u00bb][vc_column_inner width=\u00bb1\/3&#8243;][vc_column_text css=\u00bb\u00bb]<\/p>\n<h3 style=\"color: #320000; font-weight: bold; line-height: 28px; font-size: 18px;\">Paso 4\ufe0f\u20e3<br \/>\nViaje de Inspecci\u00f3n a Dubai \u2708\ufe0f<\/h3>\n<p>Cada tres meses, organizamos un viaje de inspecci\u00f3n a Dubai durante 3 d\u00edas para que puedas ver por ti mismo lo r\u00e1pido y din\u00e1mico que es el mercado inmobiliario en Dubai.<\/p>\n<p>Si decides seguir adelante, organizamos un Viaje de Inspecci\u00f3n donde puedes:<br \/>\n\u2714 Visitar desarrollos y ver propiedades<br \/>\n\u2714 Conocer a gerentes de proyecto y desarrolladores<br \/>\n\u2714 Explorar las zonas: Dubai Marina, Business Bay, Palm Jumeirah, JVC, etc.<br \/>\n\u2714 Entender el estilo de vida, infraestructura y demanda de alquiler<\/p>\n<p>El objetivo es simple: convertir la incertidumbre en confianza.[\/vc_column_text][\/vc_column_inner][vc_column_inner width=\u00bb1\/3&#8243;][vc_column_text css=\u00bb\u00bb]<\/p>\n<h3 style=\"color: #320000; font-weight: bold; line-height: 28px; font-size: 18px;\">Paso 5\ufe0f\u20e3<br \/>\nReserva &#038; Compra \ud83d\uddd3\ufe0f<\/h3>\n<p>Una vez que hayas elegido tu propiedad, te asistimos durante todo el proceso de reserva y compra, incluyendo documentaci\u00f3n, contratos y soporte legal.[\/vc_column_text][\/vc_column_inner][vc_column_inner width=\u00bb1\/3&#8243;][vc_column_text css=\u00bb\u00bb]<\/p>\n<h3 style=\"color: #320000; font-weight: bold; line-height: 28px; font-size: 18px;\">Paso 6\ufe0f\u20e3<br \/>\nPostventa &#038; Gesti\u00f3n de la Propiedad \ud83d\udeaa<\/h3>\n<p>Nuestra relaci\u00f3n no termina con la compra. Ofrecemos:<br \/>\n\u2022 Ayuda para abrir una cuenta bancaria en Dubai<br \/>\n\u2022 Soporte con empresas de gesti\u00f3n de alquileres<br \/>\n\u2022 Servicios de amueblamiento y dise\u00f1o de interiores<br \/>\n\u2022 Seguimiento del progreso de construcci\u00f3n hasta la entrega.[\/vc_column_text][\/vc_column_inner][\/vc_row_inner][\/vc_column][\/vc_row][vc_row full_width=\u00bbstretch_row_content_no_spaces\u00bb parallax=\u00bbcontent-moving\u00bb parallax_image=\u00bb1632&#8243; parallax_speed_bg=\u00bb1.4&#8243; css=\u00bb.vc_custom_1768815620982{padding-top: 800px !important;}\u00bb][vc_column][\/vc_column][\/vc_row][vc_row][vc_column css_animation=\u00bbfadeInUp\u00bb][vc_separator css=\u00bb\u00bb][vc_column_text css=\u00bb\u00bb]<\/p>\n<h2>Por Qu\u00e9 Nuestro M\u00e9todo Funciona<\/h2>\n<p>[\/vc_column_text][vc_row_inner content_placement=\u00bbmiddle\u00bb css=\u00bb.vc_custom_1768808469872{margin-bottom: 0px !important;padding-bottom: 0px !important;}\u00bb][vc_column_inner width=\u00bb1\/2&#8243;][vc_column_text css=\u00bb\u00bb]<\/p>\n<p style=\"text-align: center;\"><span style=\"color: #000000;\"><strong>\ud83c\uddea\ud83c\uddf8 Con sede en Espa\u00f1a, activos en Dubai.<\/strong><\/span><\/p>\n<p style=\"text-align: center;\"><span style=\"color: #000000;\"><strong>\ud83c\udfe2 Acceso directo a desarrolladores aprobados.<\/strong><\/span><\/p>\n<p>[\/vc_column_text][\/vc_column_inner][vc_column_inner width=\u00bb1\/2&#8243;][vc_column_text css=\u00bb\u00bb]<\/p>\n<p style=\"text-align: center;\"><span style=\"color: #000000;\"><strong>\ud83d\udeeb Experiencia in situ, no solo folletos digitales.<\/strong><\/span><\/p>\n<p style=\"text-align: center;\"><span style=\"color: #000000;\"><strong>\ud83e\uddfe Orientaci\u00f3n legal y financiera clara.<\/strong><\/span><\/p>\n<p>[\/vc_column_text][\/vc_column_inner][\/vc_row_inner][vc_column_text css=\u00bb\u00bb]<\/p>\n<p style=\"text-align: center;\"><span style=\"color: #000000;\"><strong>\ud83e\udd1d Soporte a largo plazo, incluso despu\u00e9s de la entrega.<\/strong><\/span><\/p>\n<p>[\/vc_column_text][\/vc_column][\/vc_row][vc_row full_width=\u00bbstretch_row\u00bb parallax=\u00bbcontent-moving\u00bb parallax_image=\u00bb1604&#8243; css=\u00bb.vc_custom_1768809743519{margin-bottom: -35px !important;padding-top: 35px !important;padding-bottom: 75px !important;}\u00bb el_class=\u00bbllamadaAccion\u00bb][vc_column css_animation=\u00bbfadeInRight\u00bb][vc_column_text css=\u00bb\u00bb]<\/p>\n<h2 style=\"text-align: center;\"><span style=\"color: #420e20;\">\u00bfListo para explorar oportunidades de inversi\u00f3n en Dubai?<\/span><\/h2>\n<h3 style=\"text-align: center;\"><span style=\"color: #000000;\">Programa una consulta gratuita y da el primer paso hacia tu cartera de propiedades internacional.<\/span><\/h3>\n<p>[\/vc_column_text][vc_btn title=\u00bbReserva una reuni\u00f3n online\u00bb color=\u00bbwhite\u00bb size=\u00bblg\u00bb align=\u00bbcenter\u00bb css=\u00bb\u00bb link=\u00bburl:https%3A%2F%2Fwww.cmrdubai.com%2Fes%2Fcontacto%2F\u00bb][\/vc_column][\/vc_row]<\/p>\n<\/div>","protected":false},"excerpt":{"rendered":"<p>[vc_row full_width=\u00bbstretch_row\u00bb css=\u00bb.vc_custom_1768809159116{margin-top: -35px !important;margin-bottom: 35px !important;padding-top: 25px !important;padding-bottom: 25px !important;background-color: #EBE0E2 !important;}\u00bb][vc_column css_animation=\u00bbfadeInRight\u00bb][vc_column_text css=\u00bb\u00bb] Invertir en el extranjero requiere confianza, claridad y orientaci\u00f3n \u2014 y<span class=\"excerpt-hellip\"> [\u2026]<\/span><\/p>\n","protected":false},"author":1,"featured_media":0,"parent":0,"menu_order":0,"comment_status":"closed","ping_status":"closed","template":"","meta":{"footnotes":""},"class_list":["post-1646","page","type-page","status-publish","hentry"],"aioseo_notices":[],"_links":{"self":[{"href":"https:\/\/www.cmrdubai.com\/es\/wp-json\/wp\/v2\/pages\/1646","targetHints":{"allow":["GET"]}}],"collection":[{"href":"https:\/\/www.cmrdubai.com\/es\/wp-json\/wp\/v2\/pages"}],"about":[{"href":"https:\/\/www.cmrdubai.com\/es\/wp-json\/wp\/v2\/types\/page"}],"author":[{"embeddable":true,"href":"https:\/\/www.cmrdubai.com\/es\/wp-json\/wp\/v2\/users\/1"}],"replies":[{"embeddable":true,"href":"https:\/\/www.cmrdubai.com\/es\/wp-json\/wp\/v2\/comments?post=1646"}],"version-history":[{"count":3,"href":"https:\/\/www.cmrdubai.com\/es\/wp-json\/wp\/v2\/pages\/1646\/revisions"}],"predecessor-version":[{"id":1650,"href":"https:\/\/www.cmrdubai.com\/es\/wp-json\/wp\/v2\/pages\/1646\/revisions\/1650"}],"wp:attachment":[{"href":"https:\/\/www.cmrdubai.com\/es\/wp-json\/wp\/v2\/media?parent=1646"}],"curies":[{"name":"wp","href":"https:\/\/api.w.org\/{rel}","templated":true}]}}