{"id":1079,"date":"2025-06-26T13:21:50","date_gmt":"2025-06-26T11:21:50","guid":{"rendered":"https:\/\/www.cmrdubai.com\/?page_id=1079"},"modified":"2025-06-26T13:29:34","modified_gmt":"2025-06-26T11:29:34","slug":"wat-dubai-te-bieden-heeft","status":"publish","type":"page","link":"https:\/\/www.cmrdubai.com\/nl\/wat-dubai-te-bieden-heeft\/","title":{"rendered":"Wat Dubai te Bieden Heeft"},"content":{"rendered":"<div class=\"wpb-content-wrapper\"><p>[vc_row][vc_column][vc_column_text css=&#8221;&#8221;]<\/p>\n<h2>Wat Dubai te Bieden Heeft<\/h2>\n<p>[\/vc_column_text][\/vc_column][\/vc_row][vc_row][vc_column width=&#8221;1\/2&#8243;][vc_column_text css=&#8221;&#8221;]<\/p>\n<h3>Meer dan Investeren: Een Wereldwijde Levensstijl-Hub<\/h3>\n<p>Dubai is niet alleen een winstgevende plek om te investeren, het is ook een van de meest vooruitstrevende, gastvrije en bruisende steden ter wereld. Voor investeerders die overwegen te verhuizen, een tweede verblijfsvergunning willen of internationaal willen diversifi\u00ebren, biedt Dubai een volledig scala aan levensstijl- en economische voordelen die maar weinig wereldsteden kunnen evenaren.[\/vc_column_text][\/vc_column][vc_column width=&#8221;1\/2&#8243;][vc_single_image image=&#8221;251&#8243; img_size=&#8221;full&#8221; alignment=&#8221;center&#8221; css=&#8221;.vc_custom_1750936907336{margin-bottom: 0px !important;}&#8221;][\/vc_column][\/vc_row][vc_row equal_height=&#8221;yes&#8221; content_placement=&#8221;middle&#8221;][vc_column width=&#8221;1\/2&#8243;][vc_column_text css=&#8221;&#8221;]<strong>Een Echt Internationale Stad: <\/strong>Met meer dan 90% van de bevolking bestaande uit expats van over de hele wereld, is Dubai een van de meest kosmopolitische steden ter wereld. Engels wordt overal gesproken, en de multiculturele omgeving maakt integratie gemakkelijk voor zowel individuen als gezinnen. Of je nu uit Europa, Azi\u00eb of Amerika komt, je vindt hier een plek om te verbinden, te werken en te groeien.[\/vc_column_text][\/vc_column][vc_column width=&#8221;1\/2&#8243;][vc_column_text css=&#8221;&#8221;]<strong>Een Moderne, Gediversifieerde Economie: <\/strong>Dubai is veel verder ge\u00ebvolueerd dan zijn olie-afkomst. Tegenwoordig is het een wereldwijd knooppunt voor sectoren als financi\u00ebn, vastgoed, logistiek, technologie en toerisme. De zakelijke omgeving is effici\u00ebnt, toekomstgericht en open voor buitenlandse ondernemers en professionals. Hoge gemiddelde salarissen, lage werkloosheid en investeringsvriendelijk beleid maken het een aantrekkelijke basis voor financi\u00eble groei op lange termijn.[\/vc_column_text][\/vc_column][\/vc_row][vc_row equal_height=&#8221;yes&#8221; content_placement=&#8221;middle&#8221;][vc_column width=&#8221;1\/2&#8243;][vc_column_text css=&#8221;&#8221;]<strong>Flexibele Verblijfs- en Visummogelijkheden: <\/strong>Dubai biedt verschillende visumopties, waaronder werkvisa, investeerdersvisa en de felbegeerde Golden Visa, beschikbaar voor vastgoedinvesteerders die aan bepaalde minimumeisen voldoen. Veel van deze opties staan gezinshereniging toe, wat gemoedsrust biedt bij verhuizing of toekomstplanning.[\/vc_column_text][\/vc_column][vc_column width=&#8221;1\/2&#8243;][vc_column_text css=&#8221;&#8221;]<strong>Eersteklas Gezondheidszorg en Onderwijs: <\/strong>Het particuliere zorgsysteem in Dubai is internationaal geaccrediteerd en biedt snelle, hoogwaardige zorg tegen concurrerende tarieven. Daarnaast beschikt de stad over een uitgebreid netwerk van internationale scholen, met Britse, Amerikaanse, IB- en andere wereldwijde curricula \u2013 ideaal voor gezinnen die continu\u00efteit willen in de opleiding van hun kinderen.[\/vc_column_text][\/vc_column][\/vc_row][vc_row equal_height=&#8221;yes&#8221; content_placement=&#8221;middle&#8221;][vc_column width=&#8221;1\/2&#8243;][vc_column_text css=&#8221;&#8221;]<strong>Veilig, Schoon en Effici\u00ebnt: <\/strong>Dubai behoort tot de veiligste steden ter wereld, met bijzonder lage misdaadcijfers en een streng gereguleerde omgeving. Openbare ruimtes, vervoer en infrastructuur zijn perfect onderhouden, en het dagelijks leven wordt ondersteund door geavanceerde technologie, soepele logistiek en slimme stadsplanning.[\/vc_column_text][\/vc_column][vc_column width=&#8221;1\/2&#8243;][vc_column_text css=&#8221;&#8221;]<strong>Vrije Tijd en Entertainment voor Iedereen: <\/strong>Van dineren van wereldklasse, winkelen en culturele bezienswaardigheden tot buitenavonturen en ontspannen aan het strand \u2013 Dubai biedt een onge\u00ebvenaarde levensstijl. Inwoners genieten van zon het hele jaar door, belastingvrij luxeleven en toegang tot iconische bezienswaardigheden, allemaal in een stad die ambitie, innovatie en comfort combineert.[\/vc_column_text][\/vc_column][\/vc_row][vc_row][vc_column][vc_column_text css=&#8221;&#8221;]<\/p>\n<h2 style=\"color: #320000;\">Bij CMR helpen we je niet alleen om te investeren, maar om de volledige waarde van wonen en groeien in Dubai te begrijpen.<\/h2>\n<p><span style=\"color: #320000;\">Of je nu een bedrijf wilt opbouwen, de toekomst van je gezin veilig wilt stellen of op zoek bent naar een hogere levenskwaliteit, Dubai biedt een unieke combinatie van kansen, veiligheid en wereldwijde verfijning.<\/span>[\/vc_column_text][vc_text_separator title=&#8221;&#8221; i_type=&#8221;linecons&#8221; i_icon_linecons=&#8221;vc_li vc_li-diamond&#8221; i_color=&#8221;custom&#8221; color=&#8221;custom&#8221; el_width=&#8221;20&#8243; css=&#8221;&#8221; add_icon=&#8221;true&#8221; i_custom_color=&#8221;#976375&#8243; accent_color=&#8221;#D8CED1&#8243;][\/vc_column][\/vc_row]<\/p>\n<\/div>","protected":false},"excerpt":{"rendered":"<p>[vc_row][vc_column][vc_column_text css=&#8221;&#8221;] Wat Dubai te Bieden Heeft [\/vc_column_text][\/vc_column][\/vc_row][vc_row][vc_column width=&#8221;1\/2&#8243;][vc_column_text css=&#8221;&#8221;] Meer dan Investeren: Een Wereldwijde Levensstijl-Hub Dubai is niet alleen een winstgevende plek om te investeren,<span class=\"excerpt-hellip\"> [\u2026]<\/span><\/p>\n","protected":false},"author":1,"featured_media":0,"parent":0,"menu_order":0,"comment_status":"closed","ping_status":"closed","template":"","meta":{"footnotes":""},"class_list":["post-1079","page","type-page","status-publish","hentry"],"aioseo_notices":[],"_links":{"self":[{"href":"https:\/\/www.cmrdubai.com\/nl\/wp-json\/wp\/v2\/pages\/1079","targetHints":{"allow":["GET"]}}],"collection":[{"href":"https:\/\/www.cmrdubai.com\/nl\/wp-json\/wp\/v2\/pages"}],"about":[{"href":"https:\/\/www.cmrdubai.com\/nl\/wp-json\/wp\/v2\/types\/page"}],"author":[{"embeddable":true,"href":"https:\/\/www.cmrdubai.com\/nl\/wp-json\/wp\/v2\/users\/1"}],"replies":[{"embeddable":true,"href":"https:\/\/www.cmrdubai.com\/nl\/wp-json\/wp\/v2\/comments?post=1079"}],"version-history":[{"count":3,"href":"https:\/\/www.cmrdubai.com\/nl\/wp-json\/wp\/v2\/pages\/1079\/revisions"}],"predecessor-version":[{"id":1087,"href":"https:\/\/www.cmrdubai.com\/nl\/wp-json\/wp\/v2\/pages\/1079\/revisions\/1087"}],"wp:attachment":[{"href":"https:\/\/www.cmrdubai.com\/nl\/wp-json\/wp\/v2\/media?parent=1079"}],"curies":[{"name":"wp","href":"https:\/\/api.w.org\/{rel}","templated":true}]}}