{"id":1022,"date":"2025-06-26T11:08:26","date_gmt":"2025-06-26T09:08:26","guid":{"rendered":"https:\/\/www.cmrdubai.com\/waarom-investeren-in-vastgoed-in-dubai\/"},"modified":"2025-06-26T11:38:24","modified_gmt":"2025-06-26T09:38:24","slug":"dlaczego-warto-inwestowac-w-nieruchomosci-w-dubaju","status":"publish","type":"page","link":"https:\/\/www.cmrdubai.com\/pl\/dlaczego-warto-inwestowac-w-nieruchomosci-w-dubaju\/","title":{"rendered":"Dlaczego warto inwestowa\u0107 w nieruchomo\u015bci w Dubaju?"},"content":{"rendered":"<div class=\"wpb-content-wrapper\"><p>[vc_row][vc_column][vc_column_text css=&#8221;&#8221;]<\/p>\n<h2>Dlaczego warto inwestowa\u0107 w nieruchomo\u015bci w Dubaju?<\/h2>\n<p>[\/vc_column_text][\/vc_column][\/vc_row][vc_row][vc_column][vc_column_text css=&#8221;&#8221;]<\/p>\n<h3>Szybko rozwijaj\u0105cy si\u0119 rynek z wysokimi zwrotami<\/h3>\n<p>Dubaj sta\u0142 si\u0119 jednym z najbardziej atrakcyjnych miejsc na \u015bwiecie do inwestowania w nieruchomo\u015bci. Dynamiczny rynek, brak podatk\u00f3w od zysk\u00f3w i jedne z najwy\u017cszych st\u00f3p zwrotu z wynajmu na \u015bwiecie sprawiaj\u0105, \u017ce jest to wyj\u0105tkowa okazja dla inwestor\u00f3w szukaj\u0105cych d\u0142ugoterminowego wzrostu, bezpiecze\u0144stwa i dywersyfikacji.<\/p>\n<p><strong>Silny i stabilny wzrost warto\u015bci nieruchomo\u015bci: <\/strong>W 2024 roku ceny nieruchomo\u015bci mieszkalnych w Dubaju wzros\u0142y o ponad 21% rok do roku \u2013 ceny willi o 24%, a mieszka\u0144 o ponad 20%. Ten wzrost odzwierciedla odporny rynek, wspierany przez rosn\u0105cy popyt, rozw\u00f3j infrastruktury i zaufanie inwestor\u00f3w.[\/vc_column_text][vc_column_text css=&#8221;&#8221;]<\/p>\n<h3>Atrakcyjne dochody z wynajmu<\/h3>\n<p class=\"big\"><span style=\"color: #000000;\"><strong>Dubaj nadal przewy\u017csza \u015bwiatowe metropolie pod wzgl\u0119dem dochod\u00f3w z wynajmu:<\/strong><\/span><\/p>\n<p>[\/vc_column_text][\/vc_column][\/vc_row][vc_row equal_height=&#8221;yes&#8221; content_placement=&#8221;middle&#8221;][vc_column width=&#8221;1\/2&#8243;][vc_column_text css=&#8221;&#8221;]<\/p>\n<ul>\n<li>\u015arednie brutto stopy zwrotu z wynajmu wynosz\u0105 od 6% do 8%.<\/li>\n<li>Kluczowe lokalizacje, takie jak Dubai Silicon Oasis, Jumeirah Village Circle (JVC) i Business Bay oferuj\u0105 stopy zwrotu powy\u017cej 8%.<\/li>\n<li>Dzi\u0119ki du\u017cej i rosn\u0105cej populacji ekspat\u00f3w, popyt na wynajem pozostaje silny i stabilny.<\/li>\n<li>0% podatku od nieruchomo\u015bci.<\/li>\n<li>Zmaksymalizuj swoje zyski w \u015brodowisku przyjaznym podatkowo:<\/li>\n<li>Brak rocznego podatku od nieruchomo\u015bci.<\/li>\n<li>Brak podatku od zysk\u00f3w kapita\u0142owych ze sprzeda\u017cy nieruchomo\u015bci.<\/li>\n<\/ul>\n<p>[\/vc_column_text][\/vc_column][vc_column width=&#8221;1\/2&#8243;][vc_single_image image=&#8221;252&#8243; img_size=&#8221;full&#8221; alignment=&#8221;center&#8221; css=&#8221;.vc_custom_1750928787342{margin-bottom: 0px !important;}&#8221;][\/vc_column][\/vc_row][vc_row][vc_column][vc_column_text css=&#8221;&#8221;]<\/p>\n<p data-start=\"1467\" data-end=\"1515\">Tw\u00f3j doch\u00f3d zostaje tam, gdzie powinien \u2014 u Ciebie.<\/p>\n<p>[\/vc_column_text][\/vc_column][\/vc_row][vc_row gap=&#8221;30&#8243;][vc_column width=&#8221;1\/3&#8243;][vc_column_text css=&#8221;&#8221;]<\/p>\n<p class=\"big\"><span style=\"color: #000000;\"><strong>100% w\u0142asno\u015bci dla obcokrajowc\u00f3w:<\/strong><\/span><\/p>\n<p>Inwestorzy zagraniczni mog\u0105 w pe\u0142ni posiada\u0107 nieruchomo\u015bci (freehold) w wyznaczonych strefach, z pe\u0142nymi prawami w\u0142asno\u015bci i bez konieczno\u015bci posiadania lokalnego partnera. Zachowujesz pe\u0142n\u0105 kontrol\u0119 nad swoj\u0105 inwestycj\u0105.<\/p>\n<p>[\/vc_column_text][\/vc_column][vc_column width=&#8221;1\/3&#8243;][vc_column_text css=&#8221;&#8221;]<\/p>\n<p class=\"big\"><span style=\"color: #000000;\"><strong>Rezydencja poprzez inwestycj\u0119:<\/strong><\/span><\/p>\n<p>Kwalifikuj\u0105ce si\u0119 inwestycje w nieruchomo\u015bci mog\u0105 da\u0107 prawo do wizy rezydencyjnej w ZEA, w tym d\u0142ugoterminowych opcji jak Z\u0142ota Wiza. To otwiera drzwi do wi\u0119kszej mobilno\u015bci, stabilno\u015bci i dost\u0119pu do dynamicznego centrum biznesowego Dubaju.[\/vc_column_text][\/vc_column][vc_column width=&#8221;1\/3&#8243;][vc_column_text css=&#8221;&#8221;]<\/p>\n<p class=\"big\"><span style=\"color: #000000;\"><strong>Przejrzysty i regulowany rynek:<\/strong><\/span><\/p>\n<p>Rynek nieruchomo\u015bci w Dubaju jest regulowany przez Dubai Land Department (DLD) i RERA, co zapewnia wysoki poziom przejrzysto\u015bci, ochrony prawnej i bezpiecze\u0144stwa transakcji. Wszystkie procesy zwi\u0105zane z w\u0142asno\u015bci\u0105 s\u0105 w pe\u0142ni zdigitalizowane i usprawnione.[\/vc_column_text][\/vc_column][\/vc_row][vc_row][vc_column][vc_column_text css=&#8221;&#8221;]<\/p>\n<h2 style=\"color: #320000;\">Inwestuj z pewno\u015bci\u0105<br \/>\n<strong style=\"color: #320000;\">CMR jest tu, by Ci pom\u00f3c<\/strong><\/h2>\n<p><span style=\"color: #320000;\">W CMR specjalizujemy si\u0119 w kompleksowym wspieraniu europejskich inwestor\u00f3w na rynku nieruchomo\u015bci w Dubaju \u2013 od kwestii prawnych i zakupu po pe\u0142ne zarz\u0105dzanie portfelem. Niezale\u017cnie od tego, czy szukasz dochodu pasywnego, wzrostu kapita\u0142u, czy drogi do rezydencji w ZEA \u2013 oferujemy fachowe wsparcie na ka\u017cdym etapie.<\/span><\/p>\n<p><span style=\"color: #320000;\">Dzi\u0119ki dog\u0142\u0119bnej znajomo\u015bci rynku i podej\u015bciu zorientowanemu na klienta, pomagamy podejmowa\u0107 \u015bwiadome decyzje i w pe\u0142ni wykorzysta\u0107 potencja\u0142 dynamicznego rynku nieruchomo\u015bci w Dubaju.<\/span>[\/vc_column_text][vc_text_separator title=&#8221;&#8221; i_type=&#8221;linecons&#8221; i_icon_linecons=&#8221;vc_li vc_li-diamond&#8221; i_color=&#8221;custom&#8221; color=&#8221;custom&#8221; el_width=&#8221;20&#8243; css=&#8221;&#8221; add_icon=&#8221;true&#8221; i_custom_color=&#8221;#976375&#8243; accent_color=&#8221;#D8CED1&#8243;][\/vc_column][\/vc_row]<\/p>\n<\/div>","protected":false},"excerpt":{"rendered":"<p>[vc_row][vc_column][vc_column_text css=&#8221;&#8221;] Dlaczego warto inwestowa\u0107 w nieruchomo\u015bci w Dubaju? [\/vc_column_text][\/vc_column][\/vc_row][vc_row][vc_column][vc_column_text css=&#8221;&#8221;] Szybko rozwijaj\u0105cy si\u0119 rynek z wysokimi zwrotami Dubaj sta\u0142 si\u0119 jednym z najbardziej atrakcyjnych miejsc<span class=\"excerpt-hellip\"> [\u2026]<\/span><\/p>\n","protected":false},"author":1,"featured_media":0,"parent":0,"menu_order":0,"comment_status":"closed","ping_status":"closed","template":"","meta":{"footnotes":""},"class_list":["post-1022","page","type-page","status-publish","hentry"],"aioseo_notices":[],"_links":{"self":[{"href":"https:\/\/www.cmrdubai.com\/pl\/wp-json\/wp\/v2\/pages\/1022","targetHints":{"allow":["GET"]}}],"collection":[{"href":"https:\/\/www.cmrdubai.com\/pl\/wp-json\/wp\/v2\/pages"}],"about":[{"href":"https:\/\/www.cmrdubai.com\/pl\/wp-json\/wp\/v2\/types\/page"}],"author":[{"embeddable":true,"href":"https:\/\/www.cmrdubai.com\/pl\/wp-json\/wp\/v2\/users\/1"}],"replies":[{"embeddable":true,"href":"https:\/\/www.cmrdubai.com\/pl\/wp-json\/wp\/v2\/comments?post=1022"}],"version-history":[{"count":2,"href":"https:\/\/www.cmrdubai.com\/pl\/wp-json\/wp\/v2\/pages\/1022\/revisions"}],"predecessor-version":[{"id":1024,"href":"https:\/\/www.cmrdubai.com\/pl\/wp-json\/wp\/v2\/pages\/1022\/revisions\/1024"}],"wp:attachment":[{"href":"https:\/\/www.cmrdubai.com\/pl\/wp-json\/wp\/v2\/media?parent=1022"}],"curies":[{"name":"wp","href":"https:\/\/api.w.org\/{rel}","templated":true}]}}