{"id":1040,"date":"2025-06-26T12:34:40","date_gmt":"2025-06-26T10:34:40","guid":{"rendered":"https:\/\/www.cmrdubai.com\/?page_id=1040"},"modified":"2025-06-26T12:56:26","modified_gmt":"2025-06-26T10:56:26","slug":"zwrot-z-inwestycji-roi-w-nieruchomosciach-w-dubaju","status":"publish","type":"page","link":"https:\/\/www.cmrdubai.com\/pl\/zwrot-z-inwestycji-roi-w-nieruchomosciach-w-dubaju\/","title":{"rendered":"Zwrot z inwestycji (ROI) w nieruchomo\u015bciach w Dubaju"},"content":{"rendered":"<div class=\"wpb-content-wrapper\"><p>[vc_row][vc_column][vc_column_text css=&#8221;&#8221;]<\/p>\n<h2 data-start=\"61\" data-end=\"118\">Zwrot z inwestycji (ROI) w nieruchomo\u015bciach w Dubaj<\/h2>\n<p>[\/vc_column_text][\/vc_column][\/vc_row][vc_row][vc_column][vc_column_text css=&#8221;&#8221;]<\/p>\n<h3>Wysokie zyski. Doch\u00f3d bez podatk\u00f3w.<br \/>\nPotencja\u0142 globalny.<\/h3>\n<p>Dubaj konsekwentnie plasuje si\u0119 w czo\u0142\u00f3wce najlepiej prosperuj\u0105cych rynk\u00f3w nieruchomo\u015bci na \u015bwiecie, a kluczowym czynnikiem tego sukcesu jest zwrot z inwestycji (ROI). Niezale\u017cnie od tego, czy inwestujesz dla dochodu z wynajmu, wzrostu warto\u015bci kapita\u0142u, czy obu \u2014 Dubaj oferuje roczny zwrot w przedziale od 6% do 12%, przewy\u017cszaj\u0105c wiele ugruntowanych rynk\u00f3w w Europie i poza ni\u0105.[\/vc_column_text][\/vc_column][\/vc_row][vc_row][vc_column width=&#8221;1\/2&#8243;][vc_column_text css=&#8221;&#8221;]<\/p>\n<h3>Wysokie dochody z wynajmu<\/h3>\n<p>Dzi\u0119ki rosn\u0105cej populacji ekspat\u00f3w oraz dynamicznemu rynkowi wynajmu kr\u00f3tkoterminowego, brutto stopy zwrotu z wynajmu w Dubaju zazwyczaj wynosz\u0105 od 6% do 10%. Najwy\u017cszy zwrot cz\u0119sto daj\u0105 apartamenty zlokalizowane w dobrze skomunikowanych dzielnicach, natomiast wille i nieruchomo\u015bci luksusowe zapewniaj\u0105 stabilny doch\u00f3d oraz du\u017cy potencja\u0142 wzrostu warto\u015bci.[\/vc_column_text][\/vc_column][vc_column width=&#8221;1\/2&#8243;][vc_column_text css=&#8221;&#8221;]<\/p>\n<h3>Wzrost warto\u015bci kapita\u0142u<\/h3>\n<p>Warto\u015b\u0107 nieruchomo\u015bci w Dubaju stale ro\u015bnie \u2014 w samym 2024 roku o oko\u0142o 16% \u2014 co oznacza, \u017ce inwestorzy mog\u0105 korzysta\u0107 nie tylko z dochodu pasywnego, ale r\u00f3wnie\u017c z regularnego wzrostu warto\u015bci aktyw\u00f3w. Strategicznie po\u0142o\u017cone lokalizacje, takie jak inwestycje nadmorskie, nowe osiedla planowane od podstaw czy centra biznesowe, osi\u0105gaj\u0105 roczny wzrost warto\u015bci nawet do 12%, nap\u0119dzany rozbudow\u0105 infrastruktury i mi\u0119dzynarodowym popytem.[\/vc_column_text][\/vc_column][\/vc_row][vc_row equal_height=&#8221;yes&#8221; content_placement=&#8221;middle&#8221;][vc_column width=&#8221;1\/2&#8243;][vc_column_text css=&#8221;&#8221;]<\/p>\n<h3>Brak podatk\u00f3w od dochodu i zysk\u00f3w<\/h3>\n<p>\u015arodowisko podatkowe w Dubaju znacz\u0105co zwi\u0119ksza realny zwrot z inwestycji. Obowi\u0105zuje tu:<\/p>\n<ul>\n<li>0% podatku dochodowego od przychod\u00f3w z wynajmu.<\/li>\n<li>0% podatku od zysk\u00f3w kapita\u0142owych przy sprzeda\u017cy.<\/li>\n<li>0% rocznego podatku od nieruchomo\u015bci.<\/li>\n<\/ul>\n<p>To sprawia, \u017ce Dubaj jest jednym z najbardziej efektywnych podatkowo rynk\u00f3w nieruchomo\u015bci na \u015bwiecie \u2014 idealnym do budowania d\u0142ugoterminowego maj\u0105tku z minimalnymi potr\u0105ceniami.[\/vc_column_text][\/vc_column][vc_column width=&#8221;1\/2&#8243;][vc_single_image image=&#8221;22&#8243; img_size=&#8221;full&#8221; alignment=&#8221;center&#8221; css=&#8221;.vc_custom_1750934051636{margin-bottom: 0px !important;}&#8221;][\/vc_column][\/vc_row][vc_row][vc_column][vc_column_text css=&#8221;&#8221;]<\/p>\n<h2 style=\"color: #320000;\">Rynek przyjazny inwestorom<\/h2>\n<p><span style=\"color: #320000;\">W przeciwie\u0144stwie do wielu dojrza\u0142ych rynk\u00f3w, gdzie zwroty z inwestycji malej\u0105, Dubaj wci\u0105\u017c oferuje solidne zyski i polityk\u0119 sprzyjaj\u0105c\u0105 inwestorom. Przejrzyste przepisy, elastyczne plany p\u0142atno\u015bci i globalnie po\u0142\u0105czona infrastruktura sprawiaj\u0105, \u017ce miasto pozostaje atrakcyjnym miejscem dla tych, kt\u00f3rzy szukaj\u0105 bezpiecze\u0144stwa i rentowno\u015bci.<\/span><br \/>\n<span style=\"color: #320000;\">CMR wspiera europejskich inwestor\u00f3w w dost\u0119pie do wysoko dochodowych okazji na rynku nieruchomo\u015bci w Dubaju \u2014 oferuj\u0105c profesjonalne doradztwo, wsparcie prawne i indywidualnie dopasowane strategie, kt\u00f3re pomog\u0105 Ci zmaksymalizowa\u0107 ROI z pe\u0142nym spokojem i pewno\u015bci\u0105.<\/span>[\/vc_column_text][vc_text_separator title=&#8221;&#8221; i_type=&#8221;linecons&#8221; i_icon_linecons=&#8221;vc_li vc_li-diamond&#8221; i_color=&#8221;custom&#8221; color=&#8221;custom&#8221; el_width=&#8221;20&#8243; css=&#8221;&#8221; add_icon=&#8221;true&#8221; i_custom_color=&#8221;#976375&#8243; accent_color=&#8221;#D8CED1&#8243;][\/vc_column][\/vc_row]<\/p>\n<\/div>","protected":false},"excerpt":{"rendered":"<p>[vc_row][vc_column][vc_column_text css=&#8221;&#8221;] Zwrot z inwestycji (ROI) w nieruchomo\u015bciach w Dubaj [\/vc_column_text][\/vc_column][\/vc_row][vc_row][vc_column][vc_column_text css=&#8221;&#8221;] Wysokie zyski. Doch\u00f3d bez podatk\u00f3w. Potencja\u0142 globalny. Dubaj konsekwentnie plasuje si\u0119 w czo\u0142\u00f3wce najlepiej<span class=\"excerpt-hellip\"> [\u2026]<\/span><\/p>\n","protected":false},"author":1,"featured_media":0,"parent":0,"menu_order":0,"comment_status":"closed","ping_status":"closed","template":"","meta":{"footnotes":""},"class_list":["post-1040","page","type-page","status-publish","hentry"],"aioseo_notices":[],"_links":{"self":[{"href":"https:\/\/www.cmrdubai.com\/pl\/wp-json\/wp\/v2\/pages\/1040","targetHints":{"allow":["GET"]}}],"collection":[{"href":"https:\/\/www.cmrdubai.com\/pl\/wp-json\/wp\/v2\/pages"}],"about":[{"href":"https:\/\/www.cmrdubai.com\/pl\/wp-json\/wp\/v2\/types\/page"}],"author":[{"embeddable":true,"href":"https:\/\/www.cmrdubai.com\/pl\/wp-json\/wp\/v2\/users\/1"}],"replies":[{"embeddable":true,"href":"https:\/\/www.cmrdubai.com\/pl\/wp-json\/wp\/v2\/comments?post=1040"}],"version-history":[{"count":6,"href":"https:\/\/www.cmrdubai.com\/pl\/wp-json\/wp\/v2\/pages\/1040\/revisions"}],"predecessor-version":[{"id":1059,"href":"https:\/\/www.cmrdubai.com\/pl\/wp-json\/wp\/v2\/pages\/1040\/revisions\/1059"}],"wp:attachment":[{"href":"https:\/\/www.cmrdubai.com\/pl\/wp-json\/wp\/v2\/media?parent=1040"}],"curies":[{"name":"wp","href":"https:\/\/api.w.org\/{rel}","templated":true}]}}