{"id":1064,"date":"2025-06-26T13:15:22","date_gmt":"2025-06-26T11:15:22","guid":{"rendered":"https:\/\/www.cmrdubai.com\/?page_id=1064"},"modified":"2025-06-26T13:15:22","modified_gmt":"2025-06-26T11:15:22","slug":"dlaczego-zalozyc-firme-w-dubaju","status":"publish","type":"page","link":"https:\/\/www.cmrdubai.com\/pl\/dlaczego-zalozyc-firme-w-dubaju\/","title":{"rendered":"Dlaczego za\u0142o\u017cy\u0107 firm\u0119 w Dubaju?"},"content":{"rendered":"<div class=\"wpb-content-wrapper\"><p>[vc_row][vc_column][vc_column_text css=&#8221;&#8221;]<\/p>\n<h2>Dlaczego za\u0142o\u017cy\u0107 firm\u0119 w Dubaju?<\/h2>\n<p>[\/vc_column_text][\/vc_column][\/vc_row][vc_row][vc_column][vc_column_text css=&#8221;&#8221;]<\/p>\n<h3>Globalne centrum inwestycyjne z bezkonkurencyjnymi korzy\u015bciami podatkowymi<\/h3>\n<p>Dubaj w b\u0142yskawicznym tempie sta\u0142 si\u0119 jednym z najatrakcyjniejszych kierunk\u00f3w dla inwestor\u00f3w mi\u0119dzynarodowych \u2014 i nie chodzi tu wy\u0142\u0105cznie o luksusowy styl \u017cycia czy charakterystyczn\u0105 panoram\u0119 miasta. Dla europejskich przedsi\u0119biorc\u00f3w Dubaj oferuje jedno z najbardziej przyjaznych system\u00f3w podatkowych na \u015bwiecie.<\/p>\n<p><strong>0 % podatku dochodowego od os\u00f3b fizycznych: <\/strong>W przeciwie\u0144stwie do wi\u0119kszo\u015bci kraj\u00f3w Europy, w Dubaju nie ma podatku dochodowego. Niezale\u017cnie od tego, czy Twoje przychody pochodz\u0105 z pensji, dywidend czy wynajmu nieruchomo\u015bci, ca\u0142y doch\u00f3d pozostaje w Twoich r\u0119kach, bez potr\u0105ce\u0144.<\/p>\n<p><strong>Jeden z najni\u017cszych podatk\u00f3w CIT na \u015bwiecie: <\/strong>\u00a0Od 2023 r. w ZEA obowi\u0105zuje podatek dochodowy od os\u00f3b prawnych (CIT) w wysoko\u015bci zaledwie 9 %, p\u0142acony wy\u0142\u0105cznie od rocznych zysk\u00f3w przekraczaj\u0105cych 375 000 AED (ok. 96 000 \u20ac). Dochody poni\u017cej tego progu s\u0105 zwolnione z podatku, a stawka 9 % pozostaje jedn\u0105 z najni\u017cszych na \u015bwiecie.[\/vc_column_text][\/vc_column][\/vc_row][vc_row equal_height=&#8221;yes&#8221; content_placement=&#8221;middle&#8221;][vc_column width=&#8221;1\/2&#8243;][vc_column_text css=&#8221;&#8221;]<\/p>\n<h3>Zach\u0119ty podatkowe w strefach wolnoc\u0142owych<\/h3>\n<p>Firmy lokuj\u0105ce si\u0119 w wyznaczonych strefach wolnoc\u0142owych Dubaju mog\u0105 liczy\u0107 na dodatkowe przywileje:<\/p>\n<ul>\n<li>Do 50 lat ca\u0142kowitego zwolnienia z podatk\u00f3w.<\/li>\n<li>100 % zagranicznej w\u0142asno\u015bci.<\/li>\n<li>Pe\u0142na repatriacja kapita\u0142u i zysk\u00f3w.<\/li>\n<\/ul>\n<p>[\/vc_column_text][\/vc_column][vc_column width=&#8221;1\/2&#8243;][vc_single_image image=&#8221;42&#8243; img_size=&#8221;full&#8221; alignment=&#8221;center&#8221; css=&#8221;.vc_custom_1750935988611{margin-bottom: 0px !important;}&#8221;][\/vc_column][\/vc_row][vc_row][vc_column][vc_column_text css=&#8221;&#8221;]<\/p>\n<h2 style=\"color: #320000;\">Strategiczna baza dla biznesu globalnego<\/h2>\n<p><span style=\"color: #320000;\">Po\u0142o\u017cenie Dubaju, rozbudowana infrastruktura i szeroka siatka po\u0142\u0105cze\u0144 czyni\u0105 z niego bram\u0119 pomi\u0119dzy Europ\u0105, Azj\u0105 a Afryk\u0105. W po\u0142\u0105czeniu z minimalnym obci\u0105\u017ceniem podatkowym powstaje \u015brodowisko o niskim ryzyku i wysokim potencjale dla przedsi\u0119biorstw oraz inwestor\u00f3w.<\/span><br \/>\n<span style=\"color: #320000;\">W CMR pomagamy europejskim inwestorom porusza\u0107 si\u0119 po rynku nieruchomo\u015bci i procesie zak\u0142adania firm w Dubaju, zapewniaj\u0105c wsparcie prawne, strategiczne i pe\u0142n\u0105 przejrzysto\u015b\u0107. Niezale\u017cnie od tego, czy chcesz za\u0142o\u017cy\u0107 sp\u00f3\u0142k\u0119, kupi\u0107 nieruchomo\u015b\u0107 czy zdywersyfikowa\u0107 portfel, Dubaj oferuje przewag\u0119 podatkow\u0105, z kt\u00f3r\u0105 ma\u0142o kt\u00f3re miejsce mo\u017ce si\u0119 r\u00f3wna\u0107.<\/span>[\/vc_column_text][vc_text_separator title=&#8221;&#8221; i_type=&#8221;linecons&#8221; i_icon_linecons=&#8221;vc_li vc_li-diamond&#8221; i_color=&#8221;custom&#8221; color=&#8221;custom&#8221; el_width=&#8221;20&#8243; css=&#8221;&#8221; add_icon=&#8221;true&#8221; i_custom_color=&#8221;#976375&#8243; accent_color=&#8221;#D8CED1&#8243;][\/vc_column][\/vc_row]<\/p>\n<\/div>","protected":false},"excerpt":{"rendered":"<p>[vc_row][vc_column][vc_column_text css=&#8221;&#8221;] Dlaczego za\u0142o\u017cy\u0107 firm\u0119 w Dubaju? [\/vc_column_text][\/vc_column][\/vc_row][vc_row][vc_column][vc_column_text css=&#8221;&#8221;] Globalne centrum inwestycyjne z bezkonkurencyjnymi korzy\u015bciami podatkowymi Dubaj w b\u0142yskawicznym tempie sta\u0142 si\u0119 jednym z najatrakcyjniejszych kierunk\u00f3w<span class=\"excerpt-hellip\"> [\u2026]<\/span><\/p>\n","protected":false},"author":1,"featured_media":0,"parent":0,"menu_order":0,"comment_status":"closed","ping_status":"closed","template":"","meta":{"footnotes":""},"class_list":["post-1064","page","type-page","status-publish","hentry"],"aioseo_notices":[],"_links":{"self":[{"href":"https:\/\/www.cmrdubai.com\/pl\/wp-json\/wp\/v2\/pages\/1064","targetHints":{"allow":["GET"]}}],"collection":[{"href":"https:\/\/www.cmrdubai.com\/pl\/wp-json\/wp\/v2\/pages"}],"about":[{"href":"https:\/\/www.cmrdubai.com\/pl\/wp-json\/wp\/v2\/types\/page"}],"author":[{"embeddable":true,"href":"https:\/\/www.cmrdubai.com\/pl\/wp-json\/wp\/v2\/users\/1"}],"replies":[{"embeddable":true,"href":"https:\/\/www.cmrdubai.com\/pl\/wp-json\/wp\/v2\/comments?post=1064"}],"version-history":[{"count":1,"href":"https:\/\/www.cmrdubai.com\/pl\/wp-json\/wp\/v2\/pages\/1064\/revisions"}],"predecessor-version":[{"id":1071,"href":"https:\/\/www.cmrdubai.com\/pl\/wp-json\/wp\/v2\/pages\/1064\/revisions\/1071"}],"wp:attachment":[{"href":"https:\/\/www.cmrdubai.com\/pl\/wp-json\/wp\/v2\/media?parent=1064"}],"curies":[{"name":"wp","href":"https:\/\/api.w.org\/{rel}","templated":true}]}}