{"id":1077,"date":"2025-06-26T13:21:50","date_gmt":"2025-06-26T11:21:50","guid":{"rendered":"https:\/\/www.cmrdubai.com\/?page_id=1077"},"modified":"2025-06-26T13:32:39","modified_gmt":"2025-06-26T11:32:39","slug":"co-oferuje-dubaj","status":"publish","type":"page","link":"https:\/\/www.cmrdubai.com\/pl\/co-oferuje-dubaj\/","title":{"rendered":"Co Oferuje Dubaj"},"content":{"rendered":"<div class=\"wpb-content-wrapper\"><p>[vc_row][vc_column][vc_column_text css=&#8221;&#8221;]<\/p>\n<h2>Co Oferuje Dubaj<\/h2>\n<p>[\/vc_column_text][\/vc_column][\/vc_row][vc_row][vc_column width=&#8221;1\/2&#8243;][vc_column_text css=&#8221;&#8221;]<\/p>\n<h3>Wi\u0119cej ni\u017c Inwestycja: Globalne Centrum Stylu \u017bycia<\/h3>\n<p>Dubaj to nie tylko dochodowe miejsce do inwestowania \u2014 to tak\u017ce jedno z najbardziej nowoczesnych, przyjaznych i dynamicznych miast na \u015bwiecie. Dla inwestor\u00f3w rozwa\u017caj\u0105cych przeprowadzk\u0119, drug\u0105 rezydencj\u0119 lub po prostu mi\u0119dzynarodow\u0105 dywersyfikacj\u0119, Dubaj oferuje pe\u0142en zakres korzy\u015bci \u017cyciowych i ekonomicznych, jakimi mo\u017ce pochwali\u0107 si\u0119 niewiele innych \u015bwiatowych metropolii.<\/p>\n<p>[\/vc_column_text][\/vc_column][vc_column width=&#8221;1\/2&#8243;][vc_single_image image=&#8221;251&#8243; img_size=&#8221;full&#8221; alignment=&#8221;center&#8221; css=&#8221;.vc_custom_1750936907336{margin-bottom: 0px !important;}&#8221;][\/vc_column][\/vc_row][vc_row equal_height=&#8221;yes&#8221; content_placement=&#8221;middle&#8221;][vc_column width=&#8221;1\/2&#8243;][vc_column_text css=&#8221;&#8221;]<strong>Prawdziwie Mi\u0119dzynarodowe Miasto: <\/strong>Ponad 90% mieszka\u0144c\u00f3w Dubaju to ekspaci z ca\u0142ego \u015bwiata, co czyni go jednym z najbardziej kosmopolitycznych miast na Ziemi. J\u0119zyk angielski jest powszechnie u\u017cywany, a wielokulturowe \u015brodowisko sprawia, \u017ce integracja \u2014 zar\u00f3wno dla os\u00f3b indywidualnych, jak i rodzin \u2014 jest \u0142atwa. Niezale\u017cnie od tego, czy pochodzisz z Europy, Azji czy obu Ameryk, znajdziesz tu miejsce do nawi\u0105zywania relacji, pracy i rozwoju.[\/vc_column_text][\/vc_column][vc_column width=&#8221;1\/2&#8243;][vc_column_text css=&#8221;&#8221;]<strong>Nowoczesna, Zr\u00f3\u017cnicowana Gospodarka: <\/strong>Dubaj przeszed\u0142 d\u0142ug\u0105 drog\u0119 od swoich naftowych pocz\u0105tk\u00f3w. Obecnie to globalne centrum sektor\u00f3w takich jak finanse, nieruchomo\u015bci, logistyka, technologia i turystyka. \u015arodowisko biznesowe jest efektywne, nowoczesne i otwarte na zagranicznych przedsi\u0119biorc\u00f3w oraz specjalist\u00f3w. Wysokie \u015brednie wynagrodzenia, niskie bezrobocie i polityka prorozwojowa sprawiaj\u0105, \u017ce to atrakcyjna baza dla d\u0142ugoterminowego wzrostu finansowego.[\/vc_column_text][\/vc_column][\/vc_row][vc_row equal_height=&#8221;yes&#8221; content_placement=&#8221;middle&#8221;][vc_column width=&#8221;1\/2&#8243;][vc_column_text css=&#8221;&#8221;]<strong>Elastyczne Mo\u017cliwo\u015bci Wizowe i Rezydencyjne: <\/strong>Dubaj oferuje r\u00f3\u017cne opcje wizowe, w tym wizy pracownicze, inwestorskie oraz presti\u017cow\u0105 Z\u0142ot\u0105 Wiz\u0119 (Golden Visa), dost\u0119pn\u0105 dla inwestor\u00f3w spe\u0142niaj\u0105cych okre\u015blone kryteria. Wiele z tych wiz umo\u017cliwia sponsorowanie ca\u0142ej rodziny, co zapewnia spok\u00f3j ducha podczas relokacji lub planowania przysz\u0142o\u015bci.[\/vc_column_text][\/vc_column][vc_column width=&#8221;1\/2&#8243;][vc_column_text css=&#8221;&#8221;]<strong>Opieka Zdrowotna i Edukacja na Najwy\u017cszym Poziomie: <\/strong>Prywatna s\u0142u\u017cba zdrowia w Dubaju posiada mi\u0119dzynarodowe akredytacje i oferuje szybk\u0105, wysokiej jako\u015bci opiek\u0119 w konkurencyjnych cenach. Miasto mo\u017ce si\u0119 r\u00f3wnie\u017c pochwali\u0107 rozbudowan\u0105 sieci\u0105 szk\u00f3\u0142 mi\u0119dzynarodowych z programami brytyjskimi, ameryka\u0144skimi, IB i innymi \u2014 co stanowi du\u017cy atut dla rodzin szukaj\u0105cych ci\u0105g\u0142o\u015bci edukacji dla swoich dzieci.[\/vc_column_text][\/vc_column][\/vc_row][vc_row equal_height=&#8221;yes&#8221; content_placement=&#8221;middle&#8221;][vc_column width=&#8221;1\/2&#8243;][vc_column_text css=&#8221;&#8221;]<strong>Bezpiecze\u0144stwo, Czysto\u015b\u0107 i Wydajno\u015b\u0107: <\/strong>Dubaj nale\u017cy do najbezpieczniejszych miast na \u015bwiecie, z bardzo niskim poziomem przest\u0119pczo\u015bci i \u015bci\u015ble kontrolowanym otoczeniem. Przestrzenie publiczne, transport i infrastruktura s\u0105 doskonale utrzymane, a codzienne \u017cycie wspierane jest przez zaawansowane technologie, sprawn\u0105 logistyk\u0119 i inteligentne planowanie urbanistyczne.[\/vc_column_text][\/vc_column][vc_column width=&#8221;1\/2&#8243;][vc_column_text css=&#8221;&#8221;]<strong>Czas Wolny i Rozrywka dla Ka\u017cdego: <\/strong>Od wykwintnej kuchni, zakup\u00f3w i wydarze\u0144 kulturalnych, przez przygody na \u015bwie\u017cym powietrzu, po relaks na pla\u017cy \u2014 Dubaj oferuje niepowtarzalny styl \u017cycia. Mieszka\u0144cy ciesz\u0105 si\u0119 s\u0142o\u0144cem przez ca\u0142y rok, luksusem wolnym od podatk\u00f3w i dost\u0119pem do ikonicznych miejsc, wszystko to w mie\u015bcie \u0142\u0105cz\u0105cym ambicj\u0119, innowacyjno\u015b\u0107 i komfort.[\/vc_column_text][\/vc_column][\/vc_row][vc_row][vc_column][vc_column_text css=&#8221;&#8221;]<\/p>\n<h2 style=\"color: #320000;\">W CMR nie tylko pomagamy Ci inwestowa\u0107 \u2014 pomagamy zrozumie\u0107 pe\u0142n\u0105 warto\u015b\u0107 \u017cycia i rozwoju w Dubaju.<\/h2>\n<p><span style=\"color: #320000;\">Niezale\u017cnie od tego, czy budujesz firm\u0119, zabezpieczasz przysz\u0142o\u015b\u0107 swojej rodziny, czy szukasz wy\u017cszej jako\u015bci \u017cycia, Dubaj oferuje unikalne po\u0142\u0105czenie mo\u017cliwo\u015bci, bezpiecze\u0144stwa i \u015bwiatowej klasy stylu.<\/span>[\/vc_column_text][vc_text_separator title=&#8221;&#8221; i_type=&#8221;linecons&#8221; i_icon_linecons=&#8221;vc_li vc_li-diamond&#8221; i_color=&#8221;custom&#8221; color=&#8221;custom&#8221; el_width=&#8221;20&#8243; css=&#8221;&#8221; add_icon=&#8221;true&#8221; i_custom_color=&#8221;#976375&#8243; accent_color=&#8221;#D8CED1&#8243;][\/vc_column][\/vc_row]<\/p>\n<\/div>","protected":false},"excerpt":{"rendered":"<p>[vc_row][vc_column][vc_column_text css=&#8221;&#8221;] Co Oferuje Dubaj [\/vc_column_text][\/vc_column][\/vc_row][vc_row][vc_column width=&#8221;1\/2&#8243;][vc_column_text css=&#8221;&#8221;] Wi\u0119cej ni\u017c Inwestycja: Globalne Centrum Stylu \u017bycia Dubaj to nie tylko dochodowe miejsce do inwestowania \u2014 to tak\u017ce<span class=\"excerpt-hellip\"> [\u2026]<\/span><\/p>\n","protected":false},"author":1,"featured_media":0,"parent":0,"menu_order":0,"comment_status":"closed","ping_status":"closed","template":"","meta":{"footnotes":""},"class_list":["post-1077","page","type-page","status-publish","hentry"],"aioseo_notices":[],"_links":{"self":[{"href":"https:\/\/www.cmrdubai.com\/pl\/wp-json\/wp\/v2\/pages\/1077","targetHints":{"allow":["GET"]}}],"collection":[{"href":"https:\/\/www.cmrdubai.com\/pl\/wp-json\/wp\/v2\/pages"}],"about":[{"href":"https:\/\/www.cmrdubai.com\/pl\/wp-json\/wp\/v2\/types\/page"}],"author":[{"embeddable":true,"href":"https:\/\/www.cmrdubai.com\/pl\/wp-json\/wp\/v2\/users\/1"}],"replies":[{"embeddable":true,"href":"https:\/\/www.cmrdubai.com\/pl\/wp-json\/wp\/v2\/comments?post=1077"}],"version-history":[{"count":3,"href":"https:\/\/www.cmrdubai.com\/pl\/wp-json\/wp\/v2\/pages\/1077\/revisions"}],"predecessor-version":[{"id":1089,"href":"https:\/\/www.cmrdubai.com\/pl\/wp-json\/wp\/v2\/pages\/1077\/revisions\/1089"}],"wp:attachment":[{"href":"https:\/\/www.cmrdubai.com\/pl\/wp-json\/wp\/v2\/media?parent=1077"}],"curies":[{"name":"wp","href":"https:\/\/api.w.org\/{rel}","templated":true}]}}