{"id":1643,"date":"2026-01-19T08:55:05","date_gmt":"2026-01-19T07:55:05","guid":{"rendered":"https:\/\/www.cmrdubai.com\/?page_id=1643"},"modified":"2026-01-20T12:55:57","modified_gmt":"2026-01-20T11:55:57","slug":"jak-pracujemy","status":"publish","type":"page","link":"https:\/\/www.cmrdubai.com\/pl\/jak-pracujemy\/","title":{"rendered":"Jak pracujemy"},"content":{"rendered":"<div class=\"wpb-content-wrapper\"><p>[vc_row full_width=&#8221;stretch_row&#8221; css=&#8221;.vc_custom_1768809159116{margin-top: -35px !important;margin-bottom: 35px !important;padding-top: 25px !important;padding-bottom: 25px !important;background-color: #EBE0E2 !important;}&#8221;][vc_column css_animation=&#8221;fadeInRight&#8221;][vc_column_text css=&#8221;&#8221;]<\/p>\n<h1 style=\"text-align: center;\"><span style=\"color: #320000; font-weight: bold;\">Inwestowanie za granic\u0105 wymaga zaufania, jasno\u015bci i wsparcia \u2014 a to dok\u0142adnie to, co oferujemy.<\/span><\/h1>\n<p>[\/vc_column_text][vc_separator color=&#8221;custom&#8221; border_width=&#8221;2&#8243; css=&#8221;.vc_custom_1768563650868{margin-top: -25px !important;}&#8221; accent_color=&#8221;#2D3F59&#8243;][vc_column_text css=&#8221;&#8221;]<\/p>\n<h2 style=\"text-align: center;\"><span style=\"color: #000000;\">Naszym celem jest uczynienie Twojej inwestycji w nieruchomo\u015bci w <span style=\"color: #420e20;\"><strong>DUBAJU<\/strong><\/span> prost\u0105, przejrzyst\u0105 i bezpieczn\u0105.<\/span><\/h2>\n<p>[\/vc_column_text][\/vc_column][\/vc_row][vc_row][vc_column css_animation=&#8221;fadeInUp&#8221;][vc_column_text css=&#8221;&#8221;]<\/p>\n<h2>Nasza Metoda Krok po Kroku<\/h2>\n<p>[\/vc_column_text][vc_row_inner equal_height=&#8221;yes&#8221; css=&#8221;.vc_custom_1768815707622{margin-bottom: 0px !important;}&#8221;][vc_column_inner width=&#8221;1\/3&#8243;][vc_column_text css=&#8221;&#8221;]<\/p>\n<h3 style=\"color: #320000; font-weight: bold; line-height: 28px; font-size: 18px;\">Krok 1\ufe0f\u20e3<br \/>\nPierwszy Kontakt &amp; Rozmowa Wst\u0119pna \ud83d\udcde<\/h3>\n<p>Online lub osobi\u015bcie, zaczynamy od zrozumienia Twoich cel\u00f3w, bud\u017cetu, stylu \u017cycia lub strategii inwestycyjnej.<br \/>\nSzukasz wzrostu warto\u015bci kapita\u0142u? Dochodu z wynajmu? Drugiego domu?<br \/>\nNa tej podstawie dobierzemy dla Ciebie najlepsze opcje.[\/vc_column_text][\/vc_column_inner][vc_column_inner width=&#8221;1\/3&#8243;][vc_column_text css=&#8221;&#8221;]<\/p>\n<h3 style=\"color: #320000; font-weight: bold; line-height: 28px; font-size: 18px;\">Krok 2\ufe0f\u20e3<br \/>\nSpersonalizowana Strategia Inwestycyjna \ud83d\udcc8<\/h3>\n<p>Na podstawie Twoich kryteri\u00f3w przedstawimy wyselekcjonowany portfel nieruchomo\u015bci od najbardziej zaufanych deweloper\u00f3w w Dubaju.<br \/>\n\u017badnych losowych ofert \u2014 tylko projekty, kt\u00f3re odpowiadaj\u0105 Twoim celom i oferuj\u0105 silny potencja\u0142 ROI.[\/vc_column_text][\/vc_column_inner][vc_column_inner width=&#8221;1\/3&#8243;][vc_column_text css=&#8221;&#8221;]<\/p>\n<h3 style=\"color: #320000; font-weight: bold; line-height: 28px; font-size: 18px;\">Krok 3\ufe0f\u20e3<br \/>\nDue Diligence &amp; Planowanie Finansowe \ud83c\udfe6<\/h3>\n<p>Prowadzimy Ci\u0119 przez ramy prawne, opcje finansowania, plany p\u0142atno\u015bci, podatki, oczekiwania ROI i prognozy czynszowe \u2014 aby\u015b m\u00f3g\u0142 podj\u0105\u0107 w pe\u0142ni \u015bwiadom\u0105 decyzj\u0119.[\/vc_column_text][\/vc_column_inner][\/vc_row_inner][vc_row_inner content_placement=&#8221;top&#8221; css=&#8221;.vc_custom_1768562421476{border-color: #2D3F59 !important;}&#8221;][vc_column_inner width=&#8221;1\/3&#8243;][vc_column_text css=&#8221;&#8221;]<\/p>\n<h3 style=\"color: #320000; font-weight: bold; line-height: 28px; font-size: 18px;\">Krok 4\ufe0f\u20e3<br \/>\nWyjazd Inspekcyjny do Dubaju \u2708\ufe0f<\/h3>\n<p>Co trzy miesi\u0105ce organizujemy wyjazd inspekcyjny do Dubaju na 3 dni, aby\u015b na w\u0142asne oczy m\u00f3g\u0142 zobaczy\u0107, jak szybki i dynamiczny jest rynek nieruchomo\u015bci w Dubaju.<\/p>\n<p>Je\u015bli zdecydujesz si\u0119 na kontynuacj\u0119, organizujemy Wyjazd Inspekcyjny, podczas kt\u00f3rego mo\u017cesz:<br \/>\n\u2714 Odwiedzi\u0107 inwestycje i obejrze\u0107 nieruchomo\u015bci<br \/>\n\u2714 Spotka\u0107 si\u0119 z kierownikami projekt\u00f3w i deweloperami<br \/>\n\u2714 Pozna\u0107 obszary: Dubai Marina, Business Bay, Palm Jumeirah, JVC itp.<br \/>\n\u2714 Zrozumie\u0107 styl \u017cycia, infrastruktur\u0119 i popyt na wynajem<\/p>\n<p>Cel jest prosty: zamieni\u0107 niepewno\u015b\u0107 w pewno\u015b\u0107.[\/vc_column_text][\/vc_column_inner][vc_column_inner width=&#8221;1\/3&#8243;][vc_column_text css=&#8221;&#8221;]<\/p>\n<h3 style=\"color: #320000; font-weight: bold; line-height: 28px; font-size: 18px;\">Krok 5\ufe0f\u20e3<br \/>\nRezerwacja &amp; Zakup \ud83d\uddd3\ufe0f<\/h3>\n<p>Gdy wybierzesz ju\u017c swoj\u0105 nieruchomo\u015b\u0107, wspieramy Ci\u0119 w ca\u0142ym procesie rezerwacji i zakupu, w tym w dokumentacji, umowach i wsparciu prawnym.[\/vc_column_text][\/vc_column_inner][vc_column_inner width=&#8221;1\/3&#8243;][vc_column_text css=&#8221;&#8221;]<\/p>\n<h3 style=\"color: #320000; font-weight: bold; line-height: 28px; font-size: 18px;\">Krok 6\ufe0f\u20e3<br \/>\nObs\u0142uga Posprzeda\u017cowa &amp; Zarz\u0105dzanie Nieruchomo\u015bci\u0105 \ud83d\udeaa<\/h3>\n<p>Nasza relacja nie ko\u0144czy si\u0119 na zakupie. Zapewniamy:<br \/>\n\u2022 Pomoc w otwarciu konta bankowego w Dubaju<br \/>\n\u2022 Wsparcie w kontakcie z firmami zarz\u0105dzaj\u0105cymi wynajmem<br \/>\n\u2022 Us\u0142ugi wyposa\u017cenia i projektowania wn\u0119trz<br \/>\n\u2022 Monitorowanie post\u0119p\u00f3w budowy a\u017c do odbioru nieruchomo\u015bci.[\/vc_column_text][\/vc_column_inner][\/vc_row_inner][\/vc_column][\/vc_row][vc_row full_width=&#8221;stretch_row_content_no_spaces&#8221; parallax=&#8221;content-moving&#8221; parallax_image=&#8221;1632&#8243; parallax_speed_bg=&#8221;1.4&#8243; css=&#8221;.vc_custom_1768815620982{padding-top: 800px !important;}&#8221;][vc_column][\/vc_column][\/vc_row][vc_row][vc_column css_animation=&#8221;fadeInUp&#8221;][vc_separator css=&#8221;&#8221;][vc_column_text css=&#8221;&#8221;]<\/p>\n<h2>Dlaczego warto skorzysta\u0107 z naszej pomocy przy zakupie nieruchomo\u015bci w Dubaju?<\/h2>\n<p>[\/vc_column_text][vc_row_inner content_placement=&#8221;middle&#8221; css=&#8221;.vc_custom_1768808469872{margin-bottom: 0px !important;padding-bottom: 0px !important;}&#8221;][vc_column_inner width=&#8221;1\/2&#8243;][vc_column_text css=&#8221;&#8221;]<\/p>\n<p style=\"text-align: center;\"><span style=\"color: #000000;\"><strong>\ud83c\uddea\ud83c\uddf8 Dzia\u0142amy w Dubaju, maj\u0105c siedzib\u0119 firmy w Hiszpanii<\/strong><\/span><\/p>\n<p style=\"text-align: center;\"><span style=\"color: #000000;\"><strong>\ud83c\udfe2 Bezpo\u015bredni dost\u0119p do zatwierdzonych deweloper\u00f3w.<\/strong><\/span><\/p>\n<p>[\/vc_column_text][\/vc_column_inner][vc_column_inner width=&#8221;1\/2&#8243;][vc_column_text css=&#8221;&#8221;]<\/p>\n<p style=\"text-align: center;\"><span style=\"color: #000000;\"><strong>\ud83d\udeeb Poka\u017cemy Ci nieruchomo\u015bci na miejscu, nie tylko cyfrowe broszury.<\/strong><\/span><\/p>\n<p style=\"text-align: center;\"><span style=\"color: #000000;\"><strong>\ud83e\uddfe Jasne wskaz\u00f3wki prawne i finansowe.<\/strong><\/span><\/p>\n<p>[\/vc_column_text][\/vc_column_inner][\/vc_row_inner][vc_column_text css=&#8221;&#8221;]<\/p>\n<p style=\"text-align: center;\"><span style=\"color: #000000;\"><strong>\ud83e\udd1d Wsparcie d\u0142ugoterminowe, nawet po odbiorze nieruchomo\u015bci.<\/strong><\/span><\/p>\n<p>[\/vc_column_text][\/vc_column][\/vc_row][vc_row full_width=&#8221;stretch_row&#8221; parallax=&#8221;content-moving&#8221; parallax_image=&#8221;1604&#8243; css=&#8221;.vc_custom_1768809743519{margin-bottom: -35px !important;padding-top: 35px !important;padding-bottom: 75px !important;}&#8221; el_class=&#8221;llamadaAccion&#8221;][vc_column css_animation=&#8221;fadeInRight&#8221;][vc_column_text css=&#8221;&#8221;]<\/p>\n<h2 style=\"text-align: center;\"><span style=\"color: #420e20;\">Got\u00f3w(-a) na odkrywanie mo\u017cliwo\u015bci inwestycyjnych w Dubaju?<\/span><\/h2>\n<h3 style=\"text-align: center;\"><span style=\"color: #000000;\">Um\u00f3w si\u0119 na bezp\u0142atn\u0105 konsultacj\u0119 i zr\u00f3b pierwszy krok w kierunku swojego mi\u0119dzynarodowego portfela nieruchomo\u015bci.<\/span><\/h3>\n<p>[\/vc_column_text][vc_btn title=&#8221;Zarezerwuj spotkanie online&#8221; color=&#8221;white&#8221; size=&#8221;lg&#8221; align=&#8221;center&#8221; css=&#8221;&#8221; link=&#8221;url:https%3A%2F%2Fwww.cmrdubai.com%2Fpl%2Fkontakt%2F&#8221;][\/vc_column][\/vc_row]<\/p>\n<\/div>","protected":false},"excerpt":{"rendered":"<p>[vc_row full_width=&#8221;stretch_row&#8221; css=&#8221;.vc_custom_1768809159116{margin-top: -35px !important;margin-bottom: 35px !important;padding-top: 25px !important;padding-bottom: 25px !important;background-color: #EBE0E2 !important;}&#8221;][vc_column css_animation=&#8221;fadeInRight&#8221;][vc_column_text css=&#8221;&#8221;] Inwestowanie za granic\u0105 wymaga zaufania, jasno\u015bci i wsparcia \u2014 a to<span class=\"excerpt-hellip\"> [\u2026]<\/span><\/p>\n","protected":false},"author":1,"featured_media":0,"parent":0,"menu_order":0,"comment_status":"closed","ping_status":"closed","template":"","meta":{"footnotes":""},"class_list":["post-1643","page","type-page","status-publish","hentry"],"aioseo_notices":[],"_links":{"self":[{"href":"https:\/\/www.cmrdubai.com\/pl\/wp-json\/wp\/v2\/pages\/1643","targetHints":{"allow":["GET"]}}],"collection":[{"href":"https:\/\/www.cmrdubai.com\/pl\/wp-json\/wp\/v2\/pages"}],"about":[{"href":"https:\/\/www.cmrdubai.com\/pl\/wp-json\/wp\/v2\/types\/page"}],"author":[{"embeddable":true,"href":"https:\/\/www.cmrdubai.com\/pl\/wp-json\/wp\/v2\/users\/1"}],"replies":[{"embeddable":true,"href":"https:\/\/www.cmrdubai.com\/pl\/wp-json\/wp\/v2\/comments?post=1643"}],"version-history":[{"count":4,"href":"https:\/\/www.cmrdubai.com\/pl\/wp-json\/wp\/v2\/pages\/1643\/revisions"}],"predecessor-version":[{"id":1656,"href":"https:\/\/www.cmrdubai.com\/pl\/wp-json\/wp\/v2\/pages\/1643\/revisions\/1656"}],"wp:attachment":[{"href":"https:\/\/www.cmrdubai.com\/pl\/wp-json\/wp\/v2\/media?parent=1643"}],"curies":[{"name":"wp","href":"https:\/\/api.w.org\/{rel}","templated":true}]}}