{"id":474,"date":"2025-03-31T13:26:41","date_gmt":"2025-03-31T11:26:41","guid":{"rendered":"https:\/\/www.cmrdubai.com\/contact\/"},"modified":"2026-01-19T10:58:08","modified_gmt":"2026-01-19T09:58:08","slug":"kontakt","status":"publish","type":"page","link":"https:\/\/www.cmrdubai.com\/pl\/kontakt\/","title":{"rendered":"Kontakt"},"content":{"rendered":"<div class=\"wpb-content-wrapper\"><p>[vc_row full_width=&#8221;stretch_row&#8221; parallax=&#8221;content-moving&#8221; parallax_image=&#8221;1604&#8243; css=&#8221;.vc_custom_1768809743519{margin-bottom: -35px !important;padding-top: 35px !important;padding-bottom: 75px !important;}&#8221; el_class=&#8221;llamadaAccion&#8221;][vc_column css_animation=&#8221;fadeInRight&#8221;][vc_column_text css=&#8221;&#8221;]<\/p>\n<h2 style=\"text-align: center;\"><span style=\"color: #420e20;\">Got\u00f3w(-a) na odkrywanie mo\u017cliwo\u015bci inwestycyjnych w Dubaju?<\/span><\/h2>\n<h3 style=\"text-align: center;\"><span style=\"color: #000000;\">Um\u00f3w si\u0119 na bezp\u0142atn\u0105 konsultacj\u0119 i zr\u00f3b pierwszy krok w kierunku swojego mi\u0119dzynarodowego portfela nieruchomo\u015bci.<\/span><\/h3>\n<p>[\/vc_column_text][vc_btn title=&#8221;Zarezerwuj spotkanie online&#8221; color=&#8221;white&#8221; size=&#8221;lg&#8221; align=&#8221;center&#8221; css=&#8221;&#8221; link=&#8221;url:%23kontakt&#8221; el_class=&#8221;scroll&#8221;][\/vc_column][\/vc_row][vc_row full_width=&#8221;stretch_row&#8221; full_height=&#8221;yes&#8221; css=&#8221;.vc_custom_1768816685885{margin-bottom: -35px !important;background-image: url(https:\/\/www.cmrdubai.com\/wp-content\/uploads\/2025\/03\/fnd-contact.jpg?id=142) !important;background-position: center !important;background-repeat: no-repeat !important;background-size: cover !important;}&#8221; el_class=&#8221;revertir&#8221; el_id=&#8221;kontakt&#8221;][vc_column css_animation=&#8221;fadeInLeft&#8221; width=&#8221;1\/2&#8243;][vc_single_image image=&#8221;260&#8243; img_size=&#8221;full&#8221; alignment=&#8221;center&#8221; css=&#8221;&#8221; el_class=&#8221;imgTai&#8221;][\/vc_column][vc_column css_animation=&#8221;fadeInRight&#8221; width=&#8221;1\/2&#8243;][vc_row_inner][vc_column_inner width=&#8221;1\/2&#8243;][vc_column_text css=&#8221;&#8221;]<\/p>\n<p class=\"big\"><span style=\"color: #000000;\">Siedziba g\u0142\u00f3wna:<\/span><\/p>\n<p><strong>Adres:<\/strong>\u00a0Compass Building<br \/>\nAl Shohada Road<br \/>\nAl Hamra Industrial Zone-FZ<br \/>\nRas Al Khaimah, United Arab Emirates<\/p>\n<p><i class=\"far fa-envelope\" style=\"color: #000;\"><\/i> <strong>e-Mail:<\/strong> info@cmrdubai.com[\/vc_column_text][\/vc_column_inner][vc_column_inner width=&#8221;1\/2&#8243;][vc_column_text css=&#8221;&#8221;]<\/p>\n<p class=\"big\"><span style=\"color: #000000;\">Biuro w Hiszpanii (RO Spain Real Estate)<\/span><\/p>\n<p><strong>Adres:<\/strong> Calle Poeta Quintana 41, 03004, Alicante, Hiszpania<\/p>\n<p><strong><i class=\"fas fa-mobile-alt\" style=\"color: #000;\"><\/i> Telefon:<\/strong> +34 699 44 62 15<\/p>\n<p><strong>e-Mail:<\/strong> info@ro-spain.com[\/vc_column_text][\/vc_column_inner][\/vc_row_inner]\n<div class=\"wpcf7 no-js\" id=\"wpcf7-f477-o1\" lang=\"es-ES\" dir=\"ltr\" data-wpcf7-id=\"477\">\n<div class=\"screen-reader-response\"><p role=\"status\" aria-live=\"polite\" aria-atomic=\"true\"><\/p> <ul><\/ul><\/div>\n<form action=\"\/pl\/wp-json\/wp\/v2\/pages\/474#wpcf7-f477-o1\" method=\"post\" class=\"wpcf7-form init\" aria-label=\"Formulario de contacto\" novalidate=\"novalidate\" data-status=\"init\">\n<fieldset class=\"hidden-fields-container\"><input type=\"hidden\" name=\"_wpcf7\" value=\"477\" \/><input type=\"hidden\" name=\"_wpcf7_version\" value=\"6.1.5\" \/><input type=\"hidden\" name=\"_wpcf7_locale\" value=\"es_ES\" \/><input type=\"hidden\" name=\"_wpcf7_unit_tag\" value=\"wpcf7-f477-o1\" \/><input type=\"hidden\" name=\"_wpcf7_container_post\" value=\"0\" \/><input type=\"hidden\" name=\"_wpcf7_posted_data_hash\" value=\"\" \/><input type=\"hidden\" name=\"_wpcf7_recaptcha_response\" value=\"\" \/>\n<\/fieldset>\n<p><label> <span class=\"wpcf7-form-control-wrap\" data-name=\"your-name\"><input size=\"40\" maxlength=\"400\" class=\"wpcf7-form-control wpcf7-text wpcf7-validates-as-required\" autocomplete=\"name\" aria-required=\"true\" aria-invalid=\"false\" placeholder=\"Imi\u0119\" value=\"\" type=\"text\" name=\"your-name\" \/><\/span> <\/label>\n<\/p>\n<p><label> <span class=\"wpcf7-form-control-wrap\" data-name=\"your-email\"><input size=\"40\" maxlength=\"400\" class=\"wpcf7-form-control wpcf7-email wpcf7-validates-as-required wpcf7-text wpcf7-validates-as-email\" autocomplete=\"email\" aria-required=\"true\" aria-invalid=\"false\" placeholder=\"e-Mail\" value=\"\" type=\"email\" name=\"your-email\" \/><\/span> <\/label>\n<\/p>\n<p><label> <span class=\"wpcf7-form-control-wrap\" data-name=\"your-subject\"><input size=\"40\" maxlength=\"400\" class=\"wpcf7-form-control wpcf7-text wpcf7-validates-as-required\" aria-required=\"true\" aria-invalid=\"false\" placeholder=\"Temat\" value=\"\" type=\"text\" name=\"your-subject\" \/><\/span> <\/label>\n<\/p>\n<p><label> <span class=\"wpcf7-form-control-wrap\" data-name=\"your-message\"><textarea cols=\"40\" rows=\"6\" maxlength=\"2000\" class=\"wpcf7-form-control wpcf7-textarea\" aria-invalid=\"false\" placeholder=\"Woja wiadomo\u015b\u0107 (opcjonalnie)\" name=\"your-message\"><\/textarea><\/span> <\/label>\n<\/p>\n<p><input class=\"wpcf7-form-control wpcf7-submit has-spinner\" type=\"submit\" value=\"WY\u015aLIJ\" \/>\n<\/p><input type='hidden' class='wpcf7-pum' value='{\"closepopup\":false,\"closedelay\":0,\"openpopup\":false,\"openpopup_id\":0}' \/><div class=\"wpcf7-response-output\" aria-hidden=\"true\"><\/div>\n<\/form>\n<\/div>\n[\/vc_column][\/vc_row]<\/p>\n<\/div>","protected":false},"excerpt":{"rendered":"<p>[vc_row full_width=&#8221;stretch_row&#8221; parallax=&#8221;content-moving&#8221; parallax_image=&#8221;1604&#8243; css=&#8221;.vc_custom_1768809743519{margin-bottom: -35px !important;padding-top: 35px !important;padding-bottom: 75px !important;}&#8221; el_class=&#8221;llamadaAccion&#8221;][vc_column css_animation=&#8221;fadeInRight&#8221;][vc_column_text css=&#8221;&#8221;] Got\u00f3w(-a) na odkrywanie mo\u017cliwo\u015bci inwestycyjnych w Dubaju? Um\u00f3w si\u0119 na bezp\u0142atn\u0105 konsultacj\u0119<span class=\"excerpt-hellip\"> [\u2026]<\/span><\/p>\n","protected":false},"author":1,"featured_media":0,"parent":0,"menu_order":0,"comment_status":"closed","ping_status":"open","template":"","meta":{"footnotes":""},"class_list":["post-474","page","type-page","status-publish","hentry"],"aioseo_notices":[],"_links":{"self":[{"href":"https:\/\/www.cmrdubai.com\/pl\/wp-json\/wp\/v2\/pages\/474","targetHints":{"allow":["GET"]}}],"collection":[{"href":"https:\/\/www.cmrdubai.com\/pl\/wp-json\/wp\/v2\/pages"}],"about":[{"href":"https:\/\/www.cmrdubai.com\/pl\/wp-json\/wp\/v2\/types\/page"}],"author":[{"embeddable":true,"href":"https:\/\/www.cmrdubai.com\/pl\/wp-json\/wp\/v2\/users\/1"}],"replies":[{"embeddable":true,"href":"https:\/\/www.cmrdubai.com\/pl\/wp-json\/wp\/v2\/comments?post=474"}],"version-history":[{"count":10,"href":"https:\/\/www.cmrdubai.com\/pl\/wp-json\/wp\/v2\/pages\/474\/revisions"}],"predecessor-version":[{"id":1652,"href":"https:\/\/www.cmrdubai.com\/pl\/wp-json\/wp\/v2\/pages\/474\/revisions\/1652"}],"wp:attachment":[{"href":"https:\/\/www.cmrdubai.com\/pl\/wp-json\/wp\/v2\/media?parent=474"}],"curies":[{"name":"wp","href":"https:\/\/api.w.org\/{rel}","templated":true}]}}