{"id":715,"date":"2025-06-04T09:41:56","date_gmt":"2025-06-04T07:41:56","guid":{"rendered":"https:\/\/www.cmrdubai.com\/?page_id=715"},"modified":"2025-06-04T10:24:19","modified_gmt":"2025-06-04T08:24:19","slug":"golden-visa-uae","status":"publish","type":"page","link":"https:\/\/www.cmrdubai.com\/pl\/golden-visa-uae\/","title":{"rendered":"Golden Visa UAE"},"content":{"rendered":"<div class=\"wpb-content-wrapper\"><p>[vc_row full_width=&#8221;stretch_row&#8221; el_class=&#8221;barraTitulo&#8221; css=&#8221;.vc_custom_1742898268307{padding-top: 25px !important;padding-bottom: 25px !important;background-color: #010101 !important;}&#8221;][vc_column css_animation=&#8221;fadeIn&#8221; width=&#8221;1\/6&#8243;][\/vc_column][vc_column width=&#8221;2\/3&#8243;][vc_column_text css_animation=&#8221;fadeIn&#8221; css=&#8221;&#8221;]<\/p>\n<h1 style=\"text-align: center;\">Z\u0142ota wiza do Dubaju: D\u0142ugoterminowy pobyt w wydajnym fiskalnie i przyjaznym inwestycjom \u015brodowisku<\/h1>\n<p style=\"text-align: center;\">W <strong>CMR Dubai<\/strong> prowadzimy mi\u0119dzynarodowych inwestor\u00f3w, kt\u00f3rzy chc\u0105 chroni\u0107 i rozwija\u0107 sw\u00f3j maj\u0105tek w solidnym \u015brodowisku gospodarczym z jasnymi zasadami i wymiernymi korzy\u015bciami.<\/p>\n<p style=\"text-align: center;\">Z\u0142ota wiza do Zjednoczonych Emirat\u00f3w Arabskich (ZEA) to co\u015b wi\u0119cej ni\u017c tylko pozwolenie na pobyt, to brama do rozszerzenia portfela nieruchomo\u015bci na strategicznym rynku, z bezpiecze\u0144stwem prawnym, stabilno\u015bci\u0105 rodziny i znacznymi korzy\u015bciami podatkowymi.<\/p>\n<p>[\/vc_column_text][\/vc_column][vc_column width=&#8221;1\/6&#8243;][\/vc_column][\/vc_row][vc_row css_animation=&#8221;fadeIn&#8221;][vc_column][vc_column_text css=&#8221;&#8221;]<\/p>\n<h1>Co to jest Z\u0142ota Wiza ZEA?<\/h1>\n<p><span style=\"font-weight: 400;\">Z\u0142ota wiza to d\u0142ugoterminowa, odnawialna rezydencja (do 10 lat), kt\u00f3ra pozwala osobom fizycznym mieszka\u0107, pracowa\u0107, inwestowa\u0107 i zak\u0142ada\u0107 firmy w Dubaju bez konieczno\u015bci posiadania lokalnego sponsora. Dubaj sta\u0142 si\u0119 jedn\u0105 z najbardziej cenionych rezydencji w\u015br\u00f3d globalnych inwestor\u00f3w ze wzgl\u0119du na przejrzyste ramy prawne i polityk\u0119 proinwestycyjn\u0105.<\/span><\/p>\n<p><b>Oficjalne \u017ar\u00f3d\u0142o: Rz\u0105d ZEA <\/b><a href=\"https:\/\/u.ae\"><b>\u00a0<\/b><b>u.ae<\/b><\/a>[\/vc_column_text][\/vc_column][\/vc_row][vc_row css_animation=&#8221;fadeIn&#8221;][vc_column][vc_column_text css=&#8221;&#8221;]<\/p>\n<h1>Wymagania do uzyskania Z\u0142otej Wizy jako inwestor w nieruchomo\u015bci<\/h1>\n<p><span style=\"font-weight: 400;\">Proces zosta\u0142 usprawniony dla os\u00f3b nabywaj\u0105cych nieruchomo\u015bci w Dubaju w celu uzyskania Z\u0142otej Wizy. Zaktualizowane wymagania s\u0105 nast\u0119puj\u0105ce:<\/span>[\/vc_column_text][vc_row_inner][vc_column_inner width=&#8221;1\/5&#8243;]<div class=\"how_it_works  no_border no-img\"><div class=\"image_wrapper\"><div class=\"image\"><\/div><span class=\"number\">1<\/span><\/div><h4 class=\"title \">Minimalna inwestycja:<\/h4><div class=\"desc\">2 miliony AED (oko\u0142o 500 000 EUR).<\/div><\/div>\n[\/vc_column_inner][vc_column_inner width=&#8221;1\/5&#8243;]<div class=\"how_it_works  no_border no-img\"><div class=\"image_wrapper\"><div class=\"image\"><\/div><span class=\"number\">2<\/span><\/div><h4 class=\"title \">Typ nieruchomo\u015bci:<\/h4><div class=\"desc\">Kwalifikuj\u0105 si\u0119 nieruchomo\u015bci gotowe lub w budowie, w tym nieruchomo\u015bci obci\u0105\u017cone hipotek\u0105.<\/div><\/div>\n[\/vc_column_inner][vc_column_inner width=&#8221;1\/5&#8243;]<div class=\"how_it_works  no_border no-img\"><div class=\"image_wrapper\"><div class=\"image\"><\/div><span class=\"number\">3<\/span><\/div><h4 class=\"title \">Dozwolone finansowanie:<\/h4><div class=\"desc\">Mo\u017cesz kupi\u0107 nieruchomo\u015b\u0107 z kredytem hipotecznym, o ile dostarczysz pismo z banku okre\u015blaj\u0105ce wp\u0142acon\u0105 kwot\u0119 i pozosta\u0142e saldo.<\/div><\/div>\n[\/vc_column_inner][vc_column_inner width=&#8221;1\/5&#8243;]<div class=\"how_it_works  no_border no-img\"><div class=\"image_wrapper\"><div class=\"image\"><\/div><span class=\"number\">4<\/span><\/div><h4 class=\"title \">Wsp\u00f3\u0142w\u0142asno\u015b\u0107:<\/h4><div class=\"desc\">Ka\u017cdy inwestor musi posiada\u0107 minimalny udzia\u0142 w nieruchomo\u015bci w wysoko\u015bci 2 mln AED.<\/div><\/div>\n[\/vc_column_inner][vc_column_inner width=&#8221;1\/5&#8243;]<div class=\"how_it_works  no_border no-img\"><div class=\"image_wrapper\"><div class=\"image\"><\/div><span class=\"number\">5<\/span><\/div><h4 class=\"title \">Obecno\u015b\u0107 w Zjednoczonych Emiratach Arabskich:<\/h4><div class=\"desc\">Wnioskodawca musi by\u0107 fizycznie obecny w ZEA w momencie sk\u0142adania wniosku.<\/div><\/div>\n[\/vc_column_inner][\/vc_row_inner][\/vc_column][\/vc_row][vc_row full_width=&#8221;stretch_row_content&#8221; parallax=&#8221;content-moving&#8221; parallax_image=&#8221;727&#8243; css=&#8221;.vc_custom_1749023475390{padding-top: 400px !important;}&#8221;][vc_column][\/vc_column][\/vc_row][vc_row css_animation=&#8221;fadeIn&#8221;][vc_column][vc_column_text css=&#8221;&#8221;]<\/p>\n<h1>Kluczowe korzy\u015bci dla inwestor\u00f3w<\/h1>\n<p>[\/vc_column_text][vc_row_inner][vc_column_inner width=&#8221;1\/2&#8243;][vc_column_text css=&#8221;&#8221;]<\/p>\n<h4><b>Solidna i stabilna rezydencja<\/b><\/h4>\n<p><span style=\"font-weight: 400;\">Do 10 lat legalnego pobytu z mo\u017cliwo\u015bci\u0105 przed\u0142u\u017cenia, co pozwala na zarz\u0105dzanie inwestycj\u0105 z terytorium ZEA lub spoza niego bez wymogu ci\u0105g\u0142ego pobytu.<\/span><\/p>\n<h4><b>\u00a0Rzeczywista efektywno\u015b\u0107 podatkowa<\/b><\/h4>\n<ul>\n<li style=\"font-weight: 400;\" aria-level=\"1\"><b>0% podatku dochodowego od os\u00f3b fizycznych<\/b><b><br \/>\n<\/b><\/li>\n<li style=\"font-weight: 400;\" aria-level=\"1\"><b>Brak podatku od spadk\u00f3w i zysk\u00f3w kapita\u0142owych dla os\u00f3b fizycznych<\/b><b><br \/>\n<\/b><\/li>\n<li style=\"font-weight: 400;\" aria-level=\"1\"><b>9% podatku od os\u00f3b prawnych<\/b><span style=\"font-weight: 400;\">, dotyczy tylko zysk\u00f3w netto z dzia\u0142alno\u015bci gospodarczej powy\u017cej 375 000 AED<\/span><span style=\"font-weight: 400;\"><br \/>\n<\/span><\/li>\n<li style=\"font-weight: 400;\" aria-level=\"1\"><b>Dost\u0119p do stref wolnoc\u0142owych<\/b><span style=\"font-weight: 400;\"> ze szczeg\u00f3lnymi korzy\u015bciami podatkowymi i 100% zagraniczn\u0105 w\u0142asno\u015bci\u0105 biznesow\u0105<\/span><span style=\"font-weight: 400;\"><br \/>\n<\/span><\/li>\n<\/ul>\n<p>[\/vc_column_text][\/vc_column_inner][vc_column_inner width=&#8221;1\/2&#8243;][vc_column_text css=&#8221;&#8221;]<\/p>\n<h4><b>Przejrzysty i przyjazny dla inwestor\u00f3w system prawny<\/b><\/h4>\n<p><span style=\"font-weight: 400;\">Twoje inwestycje w nieruchomo\u015bci s\u0105 chronione przez nowoczesne ramy prawne, z cyfrowymi tytu\u0142ami w\u0142asno\u015bci, jasnymi przepisami i szybkim, skutecznym rozstrzyganiem spor\u00f3w.<\/span><\/p>\n<h4><b>World-class lifestyle and services<\/b><\/h4>\n<p><span style=\"font-weight: 400;\">Dubaj oferuje mi\u0119dzynarodow\u0105 edukacj\u0119, najnowocze\u015bniejsz\u0105 opiek\u0119 zdrowotn\u0105, globalne po\u0142\u0105czenia lotnicze i kosmopolityczne \u015brodowisko dostosowane do potrzeb os\u00f3b poszukuj\u0105cych komfortu, wydajno\u015bci i globalnych mo\u017cliwo\u015bci dla swoich rodzin.<\/span><\/p>\n<h4><b>Family inclusion<\/b><\/h4>\n<p><span style=\"font-weight: 400;\">Z\u0142ot\u0105 wiz\u0119 mo\u017cna rozszerzy\u0107 na wsp\u00f3\u0142ma\u0142\u017conka, dzieci i rodzic\u00f3w, zapewniaj\u0105c d\u0142ugoterminow\u0105 stabilno\u015b\u0107 ca\u0142ej rodzinie.<\/span>[\/vc_column_text][\/vc_column_inner][\/vc_row_inner][\/vc_column][\/vc_row][vc_row css_animation=&#8221;fadeIn&#8221;][vc_column][vc_column_text css=&#8221;&#8221;]<\/p>\n<h1>Jak CMR Dubai wspiera Twoj\u0105 podr\u00f3\u017c inwestycyjn\u0105<\/h1>\n<p>[\/vc_column_text][vc_row_inner][vc_column_inner width=&#8221;1\/4&#8243;]<div class=\"icon_box icon_position_top no_border\"><div class=\"icon_wrapper\"><div class=\"icon\"><i class=\"fas fa-hands-helping\" aria-hidden=\"true\"><\/i><\/div><\/div><div class=\"desc_wrapper\"><div class=\"desc\">Pomagamy zidentyfikowa\u0107 nieruchomo\u015bci, kt\u00f3re kwalifikuj\u0105 si\u0119 do Z\u0142otej Wizy, jednocze\u015bnie maksymalizuj\u0105c zwrot z inwestycji.<\/div><\/div><\/div>\n[\/vc_column_inner][vc_column_inner width=&#8221;1\/4&#8243;]<div class=\"icon_box icon_position_top no_border\"><div class=\"icon_wrapper\"><div class=\"icon\"><i class=\"fas fa-cogs\" aria-hidden=\"true\"><\/i><\/div><\/div><div class=\"desc_wrapper\"><div class=\"desc\">Zarz\u0105dzamy ca\u0142ym procesem prawnym i dokumentacyjnym, od oferty po rejestracj\u0119 tytu\u0142u w\u0142asno\u015bci.<\/div><\/div><\/div>\n[\/vc_column_inner][vc_column_inner width=&#8221;1\/4&#8243;]<div class=\"icon_box icon_position_top no_border\"><div class=\"icon_wrapper\"><div class=\"icon\"><i class=\"fas fa-compress-alt\" aria-hidden=\"true\"><\/i><\/div><\/div><div class=\"desc_wrapper\"><div class=\"desc\">Sprawnie i przejrzy\u015bcie koordynujemy wnioski o Z\u0142ot\u0105 Wiz\u0119.<\/div><\/div><\/div>\n[\/vc_column_inner][vc_column_inner width=&#8221;1\/4&#8243;]<div class=\"icon_box icon_position_top no_border\"><div class=\"icon_wrapper\"><div class=\"icon\"><i class=\"fas fa-globe-asia\" aria-hidden=\"true\"><\/i><\/div><\/div><div class=\"desc_wrapper\"><div class=\"desc\">Zapewniamy dostosowane do potrzeb doradztwo podatkowe i imigracyjne w oparciu o globaln\u0105 struktur\u0119 maj\u0105tku.<\/div><\/div><\/div>\n[\/vc_column_inner][\/vc_row_inner][vc_column_text css=&#8221;&#8221;]<b>Niech Twoja inwestycja otworzy drzwi do globalnej wolno\u015bci, bezpiecze\u0144stwa i mo\u017cliwo\u015bci.<\/b><b><br \/>\n<\/b><span style=\"font-weight: 400;\">Kontakt <\/span><b>CMR Dubai<\/b><span style=\"font-weight: 400;\"> ju\u017c dzi\u015b i zr\u00f3b kolejny krok w kierunku d\u0142ugoterminowego pobytu w jednym z najbardziej przyjaznych inwestorom miast na \u015bwiecie.<\/span>[\/vc_column_text][\/vc_column][\/vc_row][vc_row css=&#8221;.vc_custom_1742986828501{margin-top: 50px !important;}&#8221;][vc_column][vc_text_separator title=&#8221;&#8221; i_type=&#8221;linecons&#8221; i_icon_linecons=&#8221;vc_li vc_li-diamond&#8221; i_color=&#8221;custom&#8221; el_width=&#8221;20&#8243; css=&#8221;&#8221; add_icon=&#8221;true&#8221; i_custom_color=&#8221;#909090&#8243;][\/vc_column][\/vc_row][vc_row full_width=&#8221;stretch_row&#8221; css_animation=&#8221;fadeIn&#8221; css=&#8221;.vc_custom_1745407915493{margin-bottom: -15px !important;background-color: #D9D9D9 !important;}&#8221; el_class=&#8221;txtTitulo txtTituloFooter&#8221;][vc_column][\/vc_column][\/vc_row]<\/p>\n<\/div>","protected":false},"excerpt":{"rendered":"<p>[vc_row full_width=&#8221;stretch_row&#8221; el_class=&#8221;barraTitulo&#8221; css=&#8221;.vc_custom_1742898268307{padding-top: 25px !important;padding-bottom: 25px !important;background-color: #010101 !important;}&#8221;][vc_column css_animation=&#8221;fadeIn&#8221; width=&#8221;1\/6&#8243;][\/vc_column][vc_column width=&#8221;2\/3&#8243;][vc_column_text css_animation=&#8221;fadeIn&#8221; css=&#8221;&#8221;] Z\u0142ota wiza do Dubaju: D\u0142ugoterminowy pobyt w wydajnym fiskalnie i przyjaznym<span class=\"excerpt-hellip\"> [\u2026]<\/span><\/p>\n","protected":false},"author":1,"featured_media":0,"parent":0,"menu_order":0,"comment_status":"closed","ping_status":"open","template":"","meta":{"footnotes":""},"class_list":["post-715","page","type-page","status-publish","hentry"],"aioseo_notices":[],"_links":{"self":[{"href":"https:\/\/www.cmrdubai.com\/pl\/wp-json\/wp\/v2\/pages\/715","targetHints":{"allow":["GET"]}}],"collection":[{"href":"https:\/\/www.cmrdubai.com\/pl\/wp-json\/wp\/v2\/pages"}],"about":[{"href":"https:\/\/www.cmrdubai.com\/pl\/wp-json\/wp\/v2\/types\/page"}],"author":[{"embeddable":true,"href":"https:\/\/www.cmrdubai.com\/pl\/wp-json\/wp\/v2\/users\/1"}],"replies":[{"embeddable":true,"href":"https:\/\/www.cmrdubai.com\/pl\/wp-json\/wp\/v2\/comments?post=715"}],"version-history":[{"count":4,"href":"https:\/\/www.cmrdubai.com\/pl\/wp-json\/wp\/v2\/pages\/715\/revisions"}],"predecessor-version":[{"id":742,"href":"https:\/\/www.cmrdubai.com\/pl\/wp-json\/wp\/v2\/pages\/715\/revisions\/742"}],"wp:attachment":[{"href":"https:\/\/www.cmrdubai.com\/pl\/wp-json\/wp\/v2\/media?parent=715"}],"curies":[{"name":"wp","href":"https:\/\/api.w.org\/{rel}","templated":true}]}}